{"id":3429,"date":"2022-07-04T11:03:39","date_gmt":"2022-07-04T11:03:39","guid":{"rendered":"https:\/\/www.cautex.com\/producto\/kits-cadena-distribucion"},"modified":"2024-11-14T22:48:18","modified_gmt":"2024-11-14T22:48:18","slug":"kits-cadena-distribucion","status":"publish","type":"product","link":"https:\/\/dev.cautex.com\/is-lm\/producto\/kits-cadena-distribucion\/","title":{"rendered":"KITS CADENA DISTRIBUCI\u00d3N"},"content":{"rendered":"<p>Nuestros kits de cadena de distribuci\u00f3n est\u00e1n compuestos por cadena (algunos kits incluyen la cadena para la bomba de aceite), ruedas dentadas (\u00e1rbol de levas y cigue\u00f1al), tensor y los carriles gu\u00eda. Todo preparado para facilitar la labor del mec\u00e1nico<\/p>\n","protected":false},"excerpt":{"rendered":"<p>Nuestros kits de cadena de distribuci\u00f3n est\u00e1n compuestos por cadena (algunos kits incluyen la cadena para la bomba de aceite), ruedas dentadas (\u00e1rbol de levas y cigue\u00f1al), tensor y los carriles gu\u00eda. Todo preparado para facilitar la labor del mec\u00e1nico<\/p>\n","protected":false},"featured_media":3430,"comment_status":"open","ping_status":"closed","template":"","meta":[],"product_cat":[638,645],"product_tag":[164],"_links":{"self":[{"href":"https:\/\/dev.cautex.com\/is-lm\/wp-json\/wp\/v2\/product\/3429"}],"collection":[{"href":"https:\/\/dev.cautex.com\/is-lm\/wp-json\/wp\/v2\/product"}],"about":[{"href":"https:\/\/dev.cautex.com\/is-lm\/wp-json\/wp\/v2\/types\/product"}],"replies":[{"embeddable":true,"href":"https:\/\/dev.cautex.com\/is-lm\/wp-json\/wp\/v2\/comments?post=3429"}],"wp:featuredmedia":[{"embeddable":true,"href":"https:\/\/dev.cautex.com\/is-lm\/wp-json\/wp\/v2\/media\/3430"}],"wp:attachment":[{"href":"https:\/\/dev.cautex.com\/is-lm\/wp-json\/wp\/v2\/media?parent=3429"}],"wp:term":[{"taxonomy":"product_cat","embeddable":true,"href":"https:\/\/dev.cautex.com\/is-lm\/wp-json\/wp\/v2\/product_cat?post=3429"},{"taxonomy":"product_tag","embeddable":true,"href":"https:\/\/dev.cautex.com\/is-lm\/wp-json\/wp\/v2\/product_tag?post=3429"}],"curies":[{"name":"wp","href":"https:\/\/api.w.org\/{rel}","templated":true}]}}