{"id":3427,"date":"2022-07-05T07:14:46","date_gmt":"2022-07-05T07:14:46","guid":{"rendered":"https:\/\/www.cautex.com\/producto\/flectores"},"modified":"2022-07-05T07:14:46","modified_gmt":"2022-07-05T07:14:46","slug":"flectores","status":"publish","type":"product","link":"https:\/\/dev.cautex.com\/is-lm\/producto\/flectores\/","title":{"rendered":"FLECTORES"},"content":{"rendered":"<p>Un flector, tambi\u00e9n conocido como disco flexible, junta textil o junta Rotoflex, es un tipo de junta utilizada para transmitir par de rotaci\u00f3n de un \u00e1rbol de transmisi\u00f3n a otro dispositivo mec\u00e1nico. Fabricados con goma sint\u00e9tica flexible, est\u00e1n dise\u00f1ados para permitir cierta desalineaci\u00f3n angular al tiempo que reducen la vibraci\u00f3n.<\/p>\n","protected":false},"excerpt":{"rendered":"<p>Un flector, tambi\u00e9n conocido como disco flexible, junta textil o junta Rotoflex, es un tipo de junta utilizada para transmitir par de rotaci\u00f3n de un \u00e1rbol de transmisi\u00f3n a otro dispositivo mec\u00e1nico. Fabricados con goma sint\u00e9tica flexible, est\u00e1n dise\u00f1ados para permitir cierta desalineaci\u00f3n angular al tiempo que reducen la vibraci\u00f3n.<\/p>\n","protected":false},"featured_media":3428,"comment_status":"open","ping_status":"closed","template":"","meta":[],"product_cat":[638,644],"product_tag":[166],"_links":{"self":[{"href":"https:\/\/dev.cautex.com\/is-lm\/wp-json\/wp\/v2\/product\/3427"}],"collection":[{"href":"https:\/\/dev.cautex.com\/is-lm\/wp-json\/wp\/v2\/product"}],"about":[{"href":"https:\/\/dev.cautex.com\/is-lm\/wp-json\/wp\/v2\/types\/product"}],"replies":[{"embeddable":true,"href":"https:\/\/dev.cautex.com\/is-lm\/wp-json\/wp\/v2\/comments?post=3427"}],"wp:featuredmedia":[{"embeddable":true,"href":"https:\/\/dev.cautex.com\/is-lm\/wp-json\/wp\/v2\/media\/3428"}],"wp:attachment":[{"href":"https:\/\/dev.cautex.com\/is-lm\/wp-json\/wp\/v2\/media?parent=3427"}],"wp:term":[{"taxonomy":"product_cat","embeddable":true,"href":"https:\/\/dev.cautex.com\/is-lm\/wp-json\/wp\/v2\/product_cat?post=3427"},{"taxonomy":"product_tag","embeddable":true,"href":"https:\/\/dev.cautex.com\/is-lm\/wp-json\/wp\/v2\/product_tag?post=3427"}],"curies":[{"name":"wp","href":"https:\/\/api.w.org\/{rel}","templated":true}]}}