{"id":3423,"date":"2022-07-05T07:18:05","date_gmt":"2022-07-05T07:18:05","guid":{"rendered":"https:\/\/www.cautex.com\/producto\/bieletas-cambio"},"modified":"2022-07-05T07:18:05","modified_gmt":"2022-07-05T07:18:05","slug":"bieletas-cambio","status":"publish","type":"product","link":"https:\/\/dev.cautex.com\/is-lm\/producto\/bieletas-cambio\/","title":{"rendered":"BIELETAS CAMBIO"},"content":{"rendered":"<p>Bieletas selectoras de velocidades, indispensables para el correcto funcionamiento de la caja de cambios. Cautex ofrece el dise\u00f1o y caracter\u00edsticas t\u00e9cnicas especificadas por la marca para cada uno de sus diferentes modelos de autom\u00f3viles.<\/p>\n","protected":false},"excerpt":{"rendered":"<p>Bieletas selectoras de velocidades, indispensables para el correcto funcionamiento de la caja de cambios. Cautex ofrece el dise\u00f1o y caracter\u00edsticas t\u00e9cnicas especificadas por la marca para cada uno de sus diferentes modelos de autom\u00f3viles.<\/p>\n","protected":false},"featured_media":3424,"comment_status":"open","ping_status":"closed","template":"","meta":[],"product_cat":[639,638],"product_tag":[167],"_links":{"self":[{"href":"https:\/\/dev.cautex.com\/is-lm\/wp-json\/wp\/v2\/product\/3423"}],"collection":[{"href":"https:\/\/dev.cautex.com\/is-lm\/wp-json\/wp\/v2\/product"}],"about":[{"href":"https:\/\/dev.cautex.com\/is-lm\/wp-json\/wp\/v2\/types\/product"}],"replies":[{"embeddable":true,"href":"https:\/\/dev.cautex.com\/is-lm\/wp-json\/wp\/v2\/comments?post=3423"}],"wp:featuredmedia":[{"embeddable":true,"href":"https:\/\/dev.cautex.com\/is-lm\/wp-json\/wp\/v2\/media\/3424"}],"wp:attachment":[{"href":"https:\/\/dev.cautex.com\/is-lm\/wp-json\/wp\/v2\/media?parent=3423"}],"wp:term":[{"taxonomy":"product_cat","embeddable":true,"href":"https:\/\/dev.cautex.com\/is-lm\/wp-json\/wp\/v2\/product_cat?post=3423"},{"taxonomy":"product_tag","embeddable":true,"href":"https:\/\/dev.cautex.com\/is-lm\/wp-json\/wp\/v2\/product_tag?post=3423"}],"curies":[{"name":"wp","href":"https:\/\/api.w.org\/{rel}","templated":true}]}}