{"id":3415,"date":"2022-07-05T07:41:14","date_gmt":"2022-07-05T07:41:14","guid":{"rendered":"https:\/\/www.cautex.com\/producto\/varillas-y-guias-nivel-aceite"},"modified":"2022-07-05T07:41:14","modified_gmt":"2022-07-05T07:41:14","slug":"varillas-y-guias-nivel-aceite","status":"publish","type":"product","link":"https:\/\/dev.cautex.com\/is-lm\/producto\/varillas-y-guias-nivel-aceite\/","title":{"rendered":"VARILLAS Y GU\u00cdAS NIVEL ACEITE"},"content":{"rendered":"<p>La varilla del nivel de aceite es un elemento met\u00e1lico que se emplea para conocer con exactitud la cantidad de lubricante con que cuenta un veh\u00edculo. En ocasiones est\u00e1 rematada por un indicador de pl\u00e1stico en uno de sus extremos, mientras que en el opuesto suele tener una anilla para extraerla con m\u00e1s facilidad. En la punta de la varilla se muestran dos marcas: una superior que indica el nivel m\u00e1ximo, y otra inferior que se\u00f1ala el m\u00ednimo de aceite con el que el motor puede funcionar.<\/p>\n","protected":false},"excerpt":{"rendered":"<p>La varilla del nivel de aceite es un elemento met\u00e1lico que se emplea para conocer con exactitud la cantidad de lubricante con que cuenta un veh\u00edculo. En ocasiones est\u00e1 rematada por un indicador de pl\u00e1stico en uno de sus extremos, mientras que en el opuesto suele tener una anilla para extraerla con m\u00e1s facilidad. En [&hellip;]<\/p>\n","protected":false},"featured_media":3416,"comment_status":"open","ping_status":"closed","template":"","meta":[],"product_cat":[638,657],"product_tag":[170],"_links":{"self":[{"href":"https:\/\/dev.cautex.com\/is-lm\/wp-json\/wp\/v2\/product\/3415"}],"collection":[{"href":"https:\/\/dev.cautex.com\/is-lm\/wp-json\/wp\/v2\/product"}],"about":[{"href":"https:\/\/dev.cautex.com\/is-lm\/wp-json\/wp\/v2\/types\/product"}],"replies":[{"embeddable":true,"href":"https:\/\/dev.cautex.com\/is-lm\/wp-json\/wp\/v2\/comments?post=3415"}],"wp:featuredmedia":[{"embeddable":true,"href":"https:\/\/dev.cautex.com\/is-lm\/wp-json\/wp\/v2\/media\/3416"}],"wp:attachment":[{"href":"https:\/\/dev.cautex.com\/is-lm\/wp-json\/wp\/v2\/media?parent=3415"}],"wp:term":[{"taxonomy":"product_cat","embeddable":true,"href":"https:\/\/dev.cautex.com\/is-lm\/wp-json\/wp\/v2\/product_cat?post=3415"},{"taxonomy":"product_tag","embeddable":true,"href":"https:\/\/dev.cautex.com\/is-lm\/wp-json\/wp\/v2\/product_tag?post=3415"}],"curies":[{"name":"wp","href":"https:\/\/api.w.org\/{rel}","templated":true}]}}