{"id":3413,"date":"2022-07-05T07:44:57","date_gmt":"2022-07-05T07:44:57","guid":{"rendered":"https:\/\/www.cautex.com\/producto\/soportes-barra-estabilizadora"},"modified":"2022-07-05T07:44:57","modified_gmt":"2022-07-05T07:44:57","slug":"soportes-barra-estabilizadora","status":"publish","type":"product","link":"https:\/\/dev.cautex.com\/is-lm\/producto\/soportes-barra-estabilizadora\/","title":{"rendered":"SOPORTES BARRA ESTABILIZADORA"},"content":{"rendered":"<p>Selecci\u00f3n de gomas para la barra estabilizadora que, gracias a la calidad de su material y a su dise\u00f1o mejorado, permiten la rotaci\u00f3n de la barra y eliminan toda vibraci\u00f3n y ruido que \u00e9sta pueda ocasionar.<\/p>\n","protected":false},"excerpt":{"rendered":"<p>Selecci\u00f3n de gomas para la barra estabilizadora que, gracias a la calidad de su material y a su dise\u00f1o mejorado, permiten la rotaci\u00f3n de la barra y eliminan toda vibraci\u00f3n y ruido que \u00e9sta pueda ocasionar.<\/p>\n","protected":false},"featured_media":3414,"comment_status":"open","ping_status":"closed","template":"","meta":[],"product_cat":[638,652],"product_tag":[171],"_links":{"self":[{"href":"https:\/\/dev.cautex.com\/is-lm\/wp-json\/wp\/v2\/product\/3413"}],"collection":[{"href":"https:\/\/dev.cautex.com\/is-lm\/wp-json\/wp\/v2\/product"}],"about":[{"href":"https:\/\/dev.cautex.com\/is-lm\/wp-json\/wp\/v2\/types\/product"}],"replies":[{"embeddable":true,"href":"https:\/\/dev.cautex.com\/is-lm\/wp-json\/wp\/v2\/comments?post=3413"}],"wp:featuredmedia":[{"embeddable":true,"href":"https:\/\/dev.cautex.com\/is-lm\/wp-json\/wp\/v2\/media\/3414"}],"wp:attachment":[{"href":"https:\/\/dev.cautex.com\/is-lm\/wp-json\/wp\/v2\/media?parent=3413"}],"wp:term":[{"taxonomy":"product_cat","embeddable":true,"href":"https:\/\/dev.cautex.com\/is-lm\/wp-json\/wp\/v2\/product_cat?post=3413"},{"taxonomy":"product_tag","embeddable":true,"href":"https:\/\/dev.cautex.com\/is-lm\/wp-json\/wp\/v2\/product_tag?post=3413"}],"curies":[{"name":"wp","href":"https:\/\/api.w.org\/{rel}","templated":true}]}}