{"id":3411,"date":"2022-07-05T07:54:32","date_gmt":"2022-07-05T07:54:32","guid":{"rendered":"https:\/\/www.cautex.com\/producto\/soportes-de-motor-transmision-y-cambio"},"modified":"2022-07-05T07:54:32","modified_gmt":"2022-07-05T07:54:32","slug":"soportes-de-motor-transmision-y-cambio","status":"publish","type":"product","link":"https:\/\/dev.cautex.com\/is-lm\/producto\/soportes-de-motor-transmision-y-cambio\/","title":{"rendered":"SOPORTES DE MOTOR, TRANSMISI\u00d3N Y CAMBIO"},"content":{"rendered":"<p>Amplia gama de soportes de motor, transmisi\u00f3n y cambio del autom\u00f3vil, con dise\u00f1o y caracter\u00edsticas t\u00e9cnicas que respetan las durezas y el dise\u00f1o de las piezas de origen para asegurar la correcta amortiguaci\u00f3n de la vibraci\u00f3n del motor en funci\u00f3n de cada modelo espec\u00edfico. Gracias a la calidad de la goma que los compone, \u00e9sta absorbe los impactos y vibraciones que genera todo el bloque del motor, haciendo la conducci\u00f3n mucho m\u00e1s agradable.<\/p>\n","protected":false},"excerpt":{"rendered":"<p>Amplia gama de soportes de motor, transmisi\u00f3n y cambio del autom\u00f3vil, con dise\u00f1o y caracter\u00edsticas t\u00e9cnicas que respetan las durezas y el dise\u00f1o de las piezas de origen para asegurar la correcta amortiguaci\u00f3n de la vibraci\u00f3n del motor en funci\u00f3n de cada modelo espec\u00edfico. Gracias a la calidad de la goma que los compone, \u00e9sta [&hellip;]<\/p>\n","protected":false},"featured_media":3412,"comment_status":"open","ping_status":"closed","template":"","meta":[],"product_cat":[638,654],"product_tag":[172],"_links":{"self":[{"href":"https:\/\/dev.cautex.com\/is-lm\/wp-json\/wp\/v2\/product\/3411"}],"collection":[{"href":"https:\/\/dev.cautex.com\/is-lm\/wp-json\/wp\/v2\/product"}],"about":[{"href":"https:\/\/dev.cautex.com\/is-lm\/wp-json\/wp\/v2\/types\/product"}],"replies":[{"embeddable":true,"href":"https:\/\/dev.cautex.com\/is-lm\/wp-json\/wp\/v2\/comments?post=3411"}],"wp:featuredmedia":[{"embeddable":true,"href":"https:\/\/dev.cautex.com\/is-lm\/wp-json\/wp\/v2\/media\/3412"}],"wp:attachment":[{"href":"https:\/\/dev.cautex.com\/is-lm\/wp-json\/wp\/v2\/media?parent=3411"}],"wp:term":[{"taxonomy":"product_cat","embeddable":true,"href":"https:\/\/dev.cautex.com\/is-lm\/wp-json\/wp\/v2\/product_cat?post=3411"},{"taxonomy":"product_tag","embeddable":true,"href":"https:\/\/dev.cautex.com\/is-lm\/wp-json\/wp\/v2\/product_tag?post=3411"}],"curies":[{"name":"wp","href":"https:\/\/api.w.org\/{rel}","templated":true}]}}