{"id":3409,"date":"2022-07-05T07:57:27","date_gmt":"2022-07-05T07:57:27","guid":{"rendered":"https:\/\/www.cautex.com\/producto\/soportes-tubo-de-escape"},"modified":"2022-07-05T07:57:27","modified_gmt":"2022-07-05T07:57:27","slug":"soportes-tubo-de-escape","status":"publish","type":"product","link":"https:\/\/dev.cautex.com\/is-lm\/producto\/soportes-tubo-de-escape\/","title":{"rendered":"SOPORTES TUBO DE ESCAPE"},"content":{"rendered":"<p>Amplia gama de soportes para silenciadores, la soluci\u00f3n ideal para sistemas de escape de cualquier tipo de autom\u00f3vil. Nuestro extenso cat\u00e1logo ofrece repuestos para silenciadores de los principales fabricantes de autom\u00f3viles europeos y asi\u00e1ticos.<\/p>\n","protected":false},"excerpt":{"rendered":"<p>Amplia gama de soportes para silenciadores, la soluci\u00f3n ideal para sistemas de escape de cualquier tipo de autom\u00f3vil. Nuestro extenso cat\u00e1logo ofrece repuestos para silenciadores de los principales fabricantes de autom\u00f3viles europeos y asi\u00e1ticos.<\/p>\n","protected":false},"featured_media":3410,"comment_status":"open","ping_status":"closed","template":"","meta":[],"product_cat":[638,655],"product_tag":[173],"_links":{"self":[{"href":"https:\/\/dev.cautex.com\/is-lm\/wp-json\/wp\/v2\/product\/3409"}],"collection":[{"href":"https:\/\/dev.cautex.com\/is-lm\/wp-json\/wp\/v2\/product"}],"about":[{"href":"https:\/\/dev.cautex.com\/is-lm\/wp-json\/wp\/v2\/types\/product"}],"replies":[{"embeddable":true,"href":"https:\/\/dev.cautex.com\/is-lm\/wp-json\/wp\/v2\/comments?post=3409"}],"wp:featuredmedia":[{"embeddable":true,"href":"https:\/\/dev.cautex.com\/is-lm\/wp-json\/wp\/v2\/media\/3410"}],"wp:attachment":[{"href":"https:\/\/dev.cautex.com\/is-lm\/wp-json\/wp\/v2\/media?parent=3409"}],"wp:term":[{"taxonomy":"product_cat","embeddable":true,"href":"https:\/\/dev.cautex.com\/is-lm\/wp-json\/wp\/v2\/product_cat?post=3409"},{"taxonomy":"product_tag","embeddable":true,"href":"https:\/\/dev.cautex.com\/is-lm\/wp-json\/wp\/v2\/product_tag?post=3409"}],"curies":[{"name":"wp","href":"https:\/\/api.w.org\/{rel}","templated":true}]}}