{"id":3407,"date":"2022-07-05T07:59:33","date_gmt":"2022-07-05T07:59:33","guid":{"rendered":"https:\/\/www.cautex.com\/producto\/soportes-de-carburador"},"modified":"2022-07-05T07:59:33","modified_gmt":"2022-07-05T07:59:33","slug":"soportes-de-carburador","status":"publish","type":"product","link":"https:\/\/dev.cautex.com\/is-lm\/producto\/soportes-de-carburador\/","title":{"rendered":"SOPORTES DE CARBURADOR"},"content":{"rendered":"<p>El carburador es un elemento mec\u00e1nico clave, ya que su funci\u00f3n es la de mantener una mezcla homog\u00e9nea entre aire y carburante en las proporciones convenientes para el buen funcionamiento de cada motor. Para su buen funcionamiento, es necesario que vayan bien sujetados gracias a un soporte.<\/p>\n","protected":false},"excerpt":{"rendered":"<p>El carburador es un elemento mec\u00e1nico clave, ya que su funci\u00f3n es la de mantener una mezcla homog\u00e9nea entre aire y carburante en las proporciones convenientes para el buen funcionamiento de cada motor. Para su buen funcionamiento, es necesario que vayan bien sujetados gracias a un soporte.<\/p>\n","protected":false},"featured_media":3408,"comment_status":"open","ping_status":"closed","template":"","meta":[],"product_cat":[638,653],"product_tag":[174],"_links":{"self":[{"href":"https:\/\/dev.cautex.com\/is-lm\/wp-json\/wp\/v2\/product\/3407"}],"collection":[{"href":"https:\/\/dev.cautex.com\/is-lm\/wp-json\/wp\/v2\/product"}],"about":[{"href":"https:\/\/dev.cautex.com\/is-lm\/wp-json\/wp\/v2\/types\/product"}],"replies":[{"embeddable":true,"href":"https:\/\/dev.cautex.com\/is-lm\/wp-json\/wp\/v2\/comments?post=3407"}],"wp:featuredmedia":[{"embeddable":true,"href":"https:\/\/dev.cautex.com\/is-lm\/wp-json\/wp\/v2\/media\/3408"}],"wp:attachment":[{"href":"https:\/\/dev.cautex.com\/is-lm\/wp-json\/wp\/v2\/media?parent=3407"}],"wp:term":[{"taxonomy":"product_cat","embeddable":true,"href":"https:\/\/dev.cautex.com\/is-lm\/wp-json\/wp\/v2\/product_cat?post=3407"},{"taxonomy":"product_tag","embeddable":true,"href":"https:\/\/dev.cautex.com\/is-lm\/wp-json\/wp\/v2\/product_tag?post=3407"}],"curies":[{"name":"wp","href":"https:\/\/api.w.org\/{rel}","templated":true}]}}