{"id":3403,"date":"2022-07-05T08:06:14","date_gmt":"2022-07-05T08:06:14","guid":{"rendered":"https:\/\/www.cautex.com\/producto\/piezas-varias-de-suspension"},"modified":"2022-07-05T08:06:14","modified_gmt":"2022-07-05T08:06:14","slug":"piezas-varias-de-suspension","status":"publish","type":"product","link":"https:\/\/dev.cautex.com\/is-lm\/producto\/piezas-varias-de-suspension\/","title":{"rendered":"PIEZAS VARIAS DE SUSPENSI\u00d3N"},"content":{"rendered":"<p>Soportes y brazos de suspensi\u00f3n con dise\u00f1os ergon\u00f3micos que les permiten acoplarse de manera m\u00e1s segura tanto a la rueda como a la carrocer\u00eda, manteni\u00e9ndolas unidas. La rigidez de su material le permite a la rueda definir su posici\u00f3n en relaci\u00f3n a la carrocer\u00eda y transmitirle parte de sus esfuerzos.<\/p>\n","protected":false},"excerpt":{"rendered":"<p>Soportes y brazos de suspensi\u00f3n con dise\u00f1os ergon\u00f3micos que les permiten acoplarse de manera m\u00e1s segura tanto a la rueda como a la carrocer\u00eda, manteni\u00e9ndolas unidas. La rigidez de su material le permite a la rueda definir su posici\u00f3n en relaci\u00f3n a la carrocer\u00eda y transmitirle parte de sus esfuerzos.<\/p>\n","protected":false},"featured_media":3404,"comment_status":"open","ping_status":"closed","template":"","meta":[],"product_cat":[638,649],"product_tag":[176],"_links":{"self":[{"href":"https:\/\/dev.cautex.com\/is-lm\/wp-json\/wp\/v2\/product\/3403"}],"collection":[{"href":"https:\/\/dev.cautex.com\/is-lm\/wp-json\/wp\/v2\/product"}],"about":[{"href":"https:\/\/dev.cautex.com\/is-lm\/wp-json\/wp\/v2\/types\/product"}],"replies":[{"embeddable":true,"href":"https:\/\/dev.cautex.com\/is-lm\/wp-json\/wp\/v2\/comments?post=3403"}],"wp:featuredmedia":[{"embeddable":true,"href":"https:\/\/dev.cautex.com\/is-lm\/wp-json\/wp\/v2\/media\/3404"}],"wp:attachment":[{"href":"https:\/\/dev.cautex.com\/is-lm\/wp-json\/wp\/v2\/media?parent=3403"}],"wp:term":[{"taxonomy":"product_cat","embeddable":true,"href":"https:\/\/dev.cautex.com\/is-lm\/wp-json\/wp\/v2\/product_cat?post=3403"},{"taxonomy":"product_tag","embeddable":true,"href":"https:\/\/dev.cautex.com\/is-lm\/wp-json\/wp\/v2\/product_tag?post=3403"}],"curies":[{"name":"wp","href":"https:\/\/api.w.org\/{rel}","templated":true}]}}