{"id":3400,"date":"2022-07-05T08:37:35","date_gmt":"2022-07-05T08:37:35","guid":{"rendered":"https:\/\/www.cautex.com\/producto\/kits-y-fuelles-de-direccion-de-transmision"},"modified":"2022-07-05T08:37:35","modified_gmt":"2022-07-05T08:37:35","slug":"kits-y-fuelles-de-direccion-de-transmision","status":"publish","type":"product","link":"https:\/\/dev.cautex.com\/is-lm\/producto\/kits-y-fuelles-de-direccion-de-transmision\/","title":{"rendered":"KITS Y FUELLES DE DIRECCI\u00d3N DE TRANSMISI\u00d3N"},"content":{"rendered":"<p>La junta homocin\u00e9tica, posibilitando que la direcci\u00f3n se mueva hacia los lados y que la suspensi\u00f3n pueda moverse hacia arriba y abajo, es la encargada de que se pueda transmitir perfectamente la fuerza de giro a las ruedas sin que ninguna pieza sea da\u00f1ada. Nuestros kits, que incluyen junta homocin\u00e9tica, fuelle, bridas y grasa, est\u00e1n dise\u00f1ados para un ajuste perfecto y garantizar la m\u00e1xima seguridad en la reparaci\u00f3n del veh\u00edculo.<\/p>\n","protected":false},"excerpt":{"rendered":"<p>La junta homocin\u00e9tica, posibilitando que la direcci\u00f3n se mueva hacia los lados y que la suspensi\u00f3n pueda moverse hacia arriba y abajo, es la encargada de que se pueda transmitir perfectamente la fuerza de giro a las ruedas sin que ninguna pieza sea da\u00f1ada. Nuestros kits, que incluyen junta homocin\u00e9tica, fuelle, bridas y grasa, est\u00e1n [&hellip;]<\/p>\n","protected":false},"featured_media":3402,"comment_status":"open","ping_status":"closed","template":"","meta":[],"product_cat":[675,671],"product_tag":[177],"_links":{"self":[{"href":"https:\/\/dev.cautex.com\/is-lm\/wp-json\/wp\/v2\/product\/3400"}],"collection":[{"href":"https:\/\/dev.cautex.com\/is-lm\/wp-json\/wp\/v2\/product"}],"about":[{"href":"https:\/\/dev.cautex.com\/is-lm\/wp-json\/wp\/v2\/types\/product"}],"replies":[{"embeddable":true,"href":"https:\/\/dev.cautex.com\/is-lm\/wp-json\/wp\/v2\/comments?post=3400"}],"wp:featuredmedia":[{"embeddable":true,"href":"https:\/\/dev.cautex.com\/is-lm\/wp-json\/wp\/v2\/media\/3402"}],"wp:attachment":[{"href":"https:\/\/dev.cautex.com\/is-lm\/wp-json\/wp\/v2\/media?parent=3400"}],"wp:term":[{"taxonomy":"product_cat","embeddable":true,"href":"https:\/\/dev.cautex.com\/is-lm\/wp-json\/wp\/v2\/product_cat?post=3400"},{"taxonomy":"product_tag","embeddable":true,"href":"https:\/\/dev.cautex.com\/is-lm\/wp-json\/wp\/v2\/product_tag?post=3400"}],"curies":[{"name":"wp","href":"https:\/\/api.w.org\/{rel}","templated":true}]}}