{"id":3398,"date":"2022-07-05T08:40:15","date_gmt":"2022-07-05T08:40:15","guid":{"rendered":"https:\/\/www.cautex.com\/producto\/kits-de-transmision-elasticos"},"modified":"2022-07-05T08:40:15","modified_gmt":"2022-07-05T08:40:15","slug":"kits-de-transmision-elasticos","status":"publish","type":"product","link":"https:\/\/dev.cautex.com\/is-lm\/producto\/kits-de-transmision-elasticos\/","title":{"rendered":"KITS DE TRANSMISION ELASTICOS"},"content":{"rendered":"<p>Gama espec\u00edfica de kits de fuelles de reparaci\u00f3n de la transmisi\u00f3n del autom\u00f3vil, de diferentes medidas y formas, desarrollados con goma o neopreno de alta elasticidad que permite su r\u00e1pido montaje mediante un cono o m\u00e1quina neum\u00e1tica. Tienen el mismo dise\u00f1o espec\u00edfico de la marca para cada uno de sus diferentes modelos de autom\u00f3viles.<\/p>\n","protected":false},"excerpt":{"rendered":"<p>Gama espec\u00edfica de kits de fuelles de reparaci\u00f3n de la transmisi\u00f3n del autom\u00f3vil, de diferentes medidas y formas, desarrollados con goma o neopreno de alta elasticidad que permite su r\u00e1pido montaje mediante un cono o m\u00e1quina neum\u00e1tica. Tienen el mismo dise\u00f1o espec\u00edfico de la marca para cada uno de sus diferentes modelos de autom\u00f3viles.<\/p>\n","protected":false},"featured_media":3399,"comment_status":"open","ping_status":"closed","template":"","meta":[],"product_cat":[672,671],"product_tag":[178],"_links":{"self":[{"href":"https:\/\/dev.cautex.com\/is-lm\/wp-json\/wp\/v2\/product\/3398"}],"collection":[{"href":"https:\/\/dev.cautex.com\/is-lm\/wp-json\/wp\/v2\/product"}],"about":[{"href":"https:\/\/dev.cautex.com\/is-lm\/wp-json\/wp\/v2\/types\/product"}],"replies":[{"embeddable":true,"href":"https:\/\/dev.cautex.com\/is-lm\/wp-json\/wp\/v2\/comments?post=3398"}],"wp:featuredmedia":[{"embeddable":true,"href":"https:\/\/dev.cautex.com\/is-lm\/wp-json\/wp\/v2\/media\/3399"}],"wp:attachment":[{"href":"https:\/\/dev.cautex.com\/is-lm\/wp-json\/wp\/v2\/media?parent=3398"}],"wp:term":[{"taxonomy":"product_cat","embeddable":true,"href":"https:\/\/dev.cautex.com\/is-lm\/wp-json\/wp\/v2\/product_cat?post=3398"},{"taxonomy":"product_tag","embeddable":true,"href":"https:\/\/dev.cautex.com\/is-lm\/wp-json\/wp\/v2\/product_tag?post=3398"}],"curies":[{"name":"wp","href":"https:\/\/api.w.org\/{rel}","templated":true}]}}