{"id":3396,"date":"2022-07-05T08:47:00","date_gmt":"2022-07-05T08:47:00","guid":{"rendered":"https:\/\/www.cautex.com\/producto\/kits-universales-y-maquinas"},"modified":"2022-07-05T08:47:00","modified_gmt":"2022-07-05T08:47:00","slug":"kits-universales-y-maquinas","status":"publish","type":"product","link":"https:\/\/dev.cautex.com\/is-lm\/producto\/kits-universales-y-maquinas\/","title":{"rendered":"KITS UNIVERSALES Y M\u00c1QUINAS"},"content":{"rendered":"<p>Disponemos de kits de fuelles universales para la reparaci\u00f3n de la transmisi\u00f3n y la direcci\u00f3n del autom\u00f3vil, de diferentes medidas y formas. Tambi\u00e9n se incluyen diferentes conos de montaje, bolsas de grasa, y una m\u00e1quina neum\u00e1tica que permite una r\u00e1pida reparaci\u00f3n mediante aire comprimido.<\/p>\n","protected":false},"excerpt":{"rendered":"<p>Disponemos de kits de fuelles universales para la reparaci\u00f3n de la transmisi\u00f3n y la direcci\u00f3n del autom\u00f3vil, de diferentes medidas y formas. Tambi\u00e9n se incluyen diferentes conos de montaje, bolsas de grasa, y una m\u00e1quina neum\u00e1tica que permite una r\u00e1pida reparaci\u00f3n mediante aire comprimido.<\/p>\n","protected":false},"featured_media":3397,"comment_status":"open","ping_status":"closed","template":"","meta":[],"product_cat":[674,671],"product_tag":[],"_links":{"self":[{"href":"https:\/\/dev.cautex.com\/is-lm\/wp-json\/wp\/v2\/product\/3396"}],"collection":[{"href":"https:\/\/dev.cautex.com\/is-lm\/wp-json\/wp\/v2\/product"}],"about":[{"href":"https:\/\/dev.cautex.com\/is-lm\/wp-json\/wp\/v2\/types\/product"}],"replies":[{"embeddable":true,"href":"https:\/\/dev.cautex.com\/is-lm\/wp-json\/wp\/v2\/comments?post=3396"}],"wp:featuredmedia":[{"embeddable":true,"href":"https:\/\/dev.cautex.com\/is-lm\/wp-json\/wp\/v2\/media\/3397"}],"wp:attachment":[{"href":"https:\/\/dev.cautex.com\/is-lm\/wp-json\/wp\/v2\/media?parent=3396"}],"wp:term":[{"taxonomy":"product_cat","embeddable":true,"href":"https:\/\/dev.cautex.com\/is-lm\/wp-json\/wp\/v2\/product_cat?post=3396"},{"taxonomy":"product_tag","embeddable":true,"href":"https:\/\/dev.cautex.com\/is-lm\/wp-json\/wp\/v2\/product_tag?post=3396"}],"curies":[{"name":"wp","href":"https:\/\/api.w.org\/{rel}","templated":true}]}}