{"id":3394,"date":"2022-07-05T08:48:59","date_gmt":"2022-07-05T08:48:59","guid":{"rendered":"https:\/\/www.cautex.com\/producto\/kits-elasticos-adaptables"},"modified":"2022-07-05T08:48:59","modified_gmt":"2022-07-05T08:48:59","slug":"kits-elasticos-adaptables","status":"publish","type":"product","link":"https:\/\/dev.cautex.com\/is-lm\/producto\/kits-elasticos-adaptables\/","title":{"rendered":"KITS EL\u00c1STICOS ADAPTABLES"},"content":{"rendered":"<p>Gama espec\u00edfica compuesta por kits de fuelles desarrollados con goma o neopreno de alta elasticidad que permite su r\u00e1pido montaje. El dise\u00f1o es \u201csemi-universal\u201d y adaptable a la mayor\u00eda de los diferentes modelos de autom\u00f3viles.<\/p>\n","protected":false},"excerpt":{"rendered":"<p>Gama espec\u00edfica compuesta por kits de fuelles desarrollados con goma o neopreno de alta elasticidad que permite su r\u00e1pido montaje. El dise\u00f1o es \u201csemi-universal\u201d y adaptable a la mayor\u00eda de los diferentes modelos de autom\u00f3viles.<\/p>\n","protected":false},"featured_media":3395,"comment_status":"open","ping_status":"closed","template":"","meta":[],"product_cat":[673,671],"product_tag":[179],"_links":{"self":[{"href":"https:\/\/dev.cautex.com\/is-lm\/wp-json\/wp\/v2\/product\/3394"}],"collection":[{"href":"https:\/\/dev.cautex.com\/is-lm\/wp-json\/wp\/v2\/product"}],"about":[{"href":"https:\/\/dev.cautex.com\/is-lm\/wp-json\/wp\/v2\/types\/product"}],"replies":[{"embeddable":true,"href":"https:\/\/dev.cautex.com\/is-lm\/wp-json\/wp\/v2\/comments?post=3394"}],"wp:featuredmedia":[{"embeddable":true,"href":"https:\/\/dev.cautex.com\/is-lm\/wp-json\/wp\/v2\/media\/3395"}],"wp:attachment":[{"href":"https:\/\/dev.cautex.com\/is-lm\/wp-json\/wp\/v2\/media?parent=3394"}],"wp:term":[{"taxonomy":"product_cat","embeddable":true,"href":"https:\/\/dev.cautex.com\/is-lm\/wp-json\/wp\/v2\/product_cat?post=3394"},{"taxonomy":"product_tag","embeddable":true,"href":"https:\/\/dev.cautex.com\/is-lm\/wp-json\/wp\/v2\/product_tag?post=3394"}],"curies":[{"name":"wp","href":"https:\/\/api.w.org\/{rel}","templated":true}]}}