{"id":3392,"date":"2022-07-05T08:51:31","date_gmt":"2022-07-05T08:51:31","guid":{"rendered":"https:\/\/www.cautex.com\/producto\/kits-rodamiento-rueda"},"modified":"2022-07-21T07:36:53","modified_gmt":"2022-07-21T07:36:53","slug":"kits-rodamiento-rueda","status":"publish","type":"product","link":"https:\/\/dev.cautex.com\/is-lm\/producto\/kits-rodamiento-rueda\/","title":{"rendered":"KITS RODAMIENTO RUEDA"},"content":{"rendered":"<p>Los rodamientos de rueda est\u00e1n dise\u00f1ados para asegurar la rotaci\u00f3n de las ruedas y responder a diversas limitaciones como la carga m\u00e1xima admitida o la resistencia al arranque. Una menor resistencia al rodamiento permite optimizar la vida de los neum\u00e1ticos. El kit de rodamientos de rueda incluye un aro (interno y externo) as\u00ed como un compartimento con bolas o rodillos.<\/p>\n","protected":false},"excerpt":{"rendered":"<p>Los rodamientos de rueda est\u00e1n dise\u00f1ados para asegurar la rotaci\u00f3n de las ruedas y responder a diversas limitaciones como la carga m\u00e1xima admitida o la resistencia al arranque. Una menor resistencia al rodamiento permite optimizar la vida de los neum\u00e1ticos. El kit de rodamientos de rueda incluye un aro (interno y externo) as\u00ed como un [&hellip;]<\/p>\n","protected":false},"featured_media":3393,"comment_status":"open","ping_status":"closed","template":"","meta":[],"product_cat":[670],"product_tag":[],"_links":{"self":[{"href":"https:\/\/dev.cautex.com\/is-lm\/wp-json\/wp\/v2\/product\/3392"}],"collection":[{"href":"https:\/\/dev.cautex.com\/is-lm\/wp-json\/wp\/v2\/product"}],"about":[{"href":"https:\/\/dev.cautex.com\/is-lm\/wp-json\/wp\/v2\/types\/product"}],"replies":[{"embeddable":true,"href":"https:\/\/dev.cautex.com\/is-lm\/wp-json\/wp\/v2\/comments?post=3392"}],"wp:featuredmedia":[{"embeddable":true,"href":"https:\/\/dev.cautex.com\/is-lm\/wp-json\/wp\/v2\/media\/3393"}],"wp:attachment":[{"href":"https:\/\/dev.cautex.com\/is-lm\/wp-json\/wp\/v2\/media?parent=3392"}],"wp:term":[{"taxonomy":"product_cat","embeddable":true,"href":"https:\/\/dev.cautex.com\/is-lm\/wp-json\/wp\/v2\/product_cat?post=3392"},{"taxonomy":"product_tag","embeddable":true,"href":"https:\/\/dev.cautex.com\/is-lm\/wp-json\/wp\/v2\/product_tag?post=3392"}],"curies":[{"name":"wp","href":"https:\/\/api.w.org\/{rel}","templated":true}]}}