{"id":3390,"date":"2022-07-05T08:54:43","date_gmt":"2022-07-05T08:54:43","guid":{"rendered":"https:\/\/www.cautex.com\/producto\/tubo-o-latiguillo-de-freno"},"modified":"2022-07-05T08:54:43","modified_gmt":"2022-07-05T08:54:43","slug":"tubo-o-latiguillo-de-freno","status":"publish","type":"product","link":"https:\/\/dev.cautex.com\/is-lm\/producto\/tubo-o-latiguillo-de-freno\/","title":{"rendered":"TUBO O LATIGUILLO DE FRENO"},"content":{"rendered":"<p>Gran variedad de latiguillos de goma y acero combinados destinados a prevenir posibles grietas o fugas del l\u00edquido de frenos. Para ello, los latiguillos Cautex aseguran la correcta transmisi\u00f3n de la presi\u00f3n del l\u00edquido de frenos, evitando posibles fallos del sistema, y asegurando que se distribuya en todo momento una presi\u00f3n de frenado constante a todas las ruedas.<\/p>\n","protected":false},"excerpt":{"rendered":"<p>Gran variedad de latiguillos de goma y acero combinados destinados a prevenir posibles grietas o fugas del l\u00edquido de frenos. Para ello, los latiguillos Cautex aseguran la correcta transmisi\u00f3n de la presi\u00f3n del l\u00edquido de frenos, evitando posibles fallos del sistema, y asegurando que se distribuya en todo momento una presi\u00f3n de frenado constante a [&hellip;]<\/p>\n","protected":false},"featured_media":3391,"comment_status":"open","ping_status":"closed","template":"","meta":[],"product_cat":[693],"product_tag":[180],"_links":{"self":[{"href":"https:\/\/dev.cautex.com\/is-lm\/wp-json\/wp\/v2\/product\/3390"}],"collection":[{"href":"https:\/\/dev.cautex.com\/is-lm\/wp-json\/wp\/v2\/product"}],"about":[{"href":"https:\/\/dev.cautex.com\/is-lm\/wp-json\/wp\/v2\/types\/product"}],"replies":[{"embeddable":true,"href":"https:\/\/dev.cautex.com\/is-lm\/wp-json\/wp\/v2\/comments?post=3390"}],"wp:featuredmedia":[{"embeddable":true,"href":"https:\/\/dev.cautex.com\/is-lm\/wp-json\/wp\/v2\/media\/3391"}],"wp:attachment":[{"href":"https:\/\/dev.cautex.com\/is-lm\/wp-json\/wp\/v2\/media?parent=3390"}],"wp:term":[{"taxonomy":"product_cat","embeddable":true,"href":"https:\/\/dev.cautex.com\/is-lm\/wp-json\/wp\/v2\/product_cat?post=3390"},{"taxonomy":"product_tag","embeddable":true,"href":"https:\/\/dev.cautex.com\/is-lm\/wp-json\/wp\/v2\/product_tag?post=3390"}],"curies":[{"name":"wp","href":"https:\/\/api.w.org\/{rel}","templated":true}]}}