{"id":3386,"date":"2022-07-05T08:59:12","date_gmt":"2022-07-05T08:59:12","guid":{"rendered":"https:\/\/www.cautex.com\/producto\/intercambiador-de-calor"},"modified":"2025-06-06T13:02:04","modified_gmt":"2025-06-06T13:02:04","slug":"intercambiador-de-calor","status":"publish","type":"product","link":"https:\/\/dev.cautex.com\/is-lm\/producto\/intercambiador-de-calor\/","title":{"rendered":"INTERCAMBIADOR DE CALOR"},"content":{"rendered":"<p>Selecci\u00f3n de intercambiadores de calor y radiadores de aceite. Gracias al aire exterior y el agua refrigerante que fluyen a su alrededor, mantienen una temperatura adecuada para la lubricaci\u00f3n de las partes m\u00f3viles y cuidar del equilibrio t\u00e9rmico del motor.<\/p>\n","protected":false},"excerpt":{"rendered":"<p>Selecci\u00f3n de intercambiadores de calor y radiadores de aceite. Gracias al aire exterior y el agua refrigerante que fluyen a su alrededor, mantienen una temperatura adecuada para la lubricaci\u00f3n de las partes m\u00f3viles y cuidar del equilibrio t\u00e9rmico del motor.<\/p>\n","protected":false},"featured_media":3387,"comment_status":"open","ping_status":"closed","template":"","meta":[],"product_cat":[687,681],"product_tag":[182],"_links":{"self":[{"href":"https:\/\/dev.cautex.com\/is-lm\/wp-json\/wp\/v2\/product\/3386"}],"collection":[{"href":"https:\/\/dev.cautex.com\/is-lm\/wp-json\/wp\/v2\/product"}],"about":[{"href":"https:\/\/dev.cautex.com\/is-lm\/wp-json\/wp\/v2\/types\/product"}],"replies":[{"embeddable":true,"href":"https:\/\/dev.cautex.com\/is-lm\/wp-json\/wp\/v2\/comments?post=3386"}],"wp:featuredmedia":[{"embeddable":true,"href":"https:\/\/dev.cautex.com\/is-lm\/wp-json\/wp\/v2\/media\/3387"}],"wp:attachment":[{"href":"https:\/\/dev.cautex.com\/is-lm\/wp-json\/wp\/v2\/media?parent=3386"}],"wp:term":[{"taxonomy":"product_cat","embeddable":true,"href":"https:\/\/dev.cautex.com\/is-lm\/wp-json\/wp\/v2\/product_cat?post=3386"},{"taxonomy":"product_tag","embeddable":true,"href":"https:\/\/dev.cautex.com\/is-lm\/wp-json\/wp\/v2\/product_tag?post=3386"}],"curies":[{"name":"wp","href":"https:\/\/api.w.org\/{rel}","templated":true}]}}