{"id":3382,"date":"2022-07-05T09:06:11","date_gmt":"2022-07-05T09:06:11","guid":{"rendered":"https:\/\/www.cautex.com\/producto\/juntas-y-tapones-carter"},"modified":"2022-07-05T09:06:11","modified_gmt":"2022-07-05T09:06:11","slug":"juntas-y-tapones-carter","status":"publish","type":"product","link":"https:\/\/dev.cautex.com\/is-lm\/producto\/juntas-y-tapones-carter\/","title":{"rendered":"JUNTAS Y TAPONES C\u00c1RTER"},"content":{"rendered":"<p>Gama espec\u00edfica de juntas, arandelas y tapones de c\u00e1rter, con diferentes medidas. La junta del tap\u00f3n de drenaje del aceite es utilizada para sellar esta unidad de forma segura, reduciendo el riesgo de fugas de aceite de motor. Es necesario instalar una junta nueva cada vez que se cambia el aceite del motor.<\/p>\n","protected":false},"excerpt":{"rendered":"<p>Gama espec\u00edfica de juntas, arandelas y tapones de c\u00e1rter, con diferentes medidas. La junta del tap\u00f3n de drenaje del aceite es utilizada para sellar esta unidad de forma segura, reduciendo el riesgo de fugas de aceite de motor. Es necesario instalar una junta nueva cada vez que se cambia el aceite del motor.<\/p>\n","protected":false},"featured_media":3383,"comment_status":"open","ping_status":"closed","template":"","meta":[],"product_cat":[688,681],"product_tag":[184],"_links":{"self":[{"href":"https:\/\/dev.cautex.com\/is-lm\/wp-json\/wp\/v2\/product\/3382"}],"collection":[{"href":"https:\/\/dev.cautex.com\/is-lm\/wp-json\/wp\/v2\/product"}],"about":[{"href":"https:\/\/dev.cautex.com\/is-lm\/wp-json\/wp\/v2\/types\/product"}],"replies":[{"embeddable":true,"href":"https:\/\/dev.cautex.com\/is-lm\/wp-json\/wp\/v2\/comments?post=3382"}],"wp:featuredmedia":[{"embeddable":true,"href":"https:\/\/dev.cautex.com\/is-lm\/wp-json\/wp\/v2\/media\/3383"}],"wp:attachment":[{"href":"https:\/\/dev.cautex.com\/is-lm\/wp-json\/wp\/v2\/media?parent=3382"}],"wp:term":[{"taxonomy":"product_cat","embeddable":true,"href":"https:\/\/dev.cautex.com\/is-lm\/wp-json\/wp\/v2\/product_cat?post=3382"},{"taxonomy":"product_tag","embeddable":true,"href":"https:\/\/dev.cautex.com\/is-lm\/wp-json\/wp\/v2\/product_tag?post=3382"}],"curies":[{"name":"wp","href":"https:\/\/api.w.org\/{rel}","templated":true}]}}