{"id":3380,"date":"2022-07-05T09:17:15","date_gmt":"2022-07-05T09:17:15","guid":{"rendered":"https:\/\/www.cautex.com\/producto\/botellas-de-expansion-y-tapones"},"modified":"2022-07-05T09:17:15","modified_gmt":"2022-07-05T09:17:15","slug":"botellas-de-expansion-y-tapones","status":"publish","type":"product","link":"https:\/\/dev.cautex.com\/is-lm\/producto\/botellas-de-expansion-y-tapones\/","title":{"rendered":"BOTELLAS DE EXPANSI\u00d3N Y TAPONES"},"content":{"rendered":"<p>Gama variada de botellas y tapones a prueba de fugas que no s\u00f3lo act\u00faan c\u00f3mo dep\u00f3sito del l\u00edquido refrigerante, sino que, tambi\u00e9n son las responsables de eliminar la sobrepresi\u00f3n y depresi\u00f3n que se produce en el radiador.<\/p>\n","protected":false},"excerpt":{"rendered":"<p>Gama variada de botellas y tapones a prueba de fugas que no s\u00f3lo act\u00faan c\u00f3mo dep\u00f3sito del l\u00edquido refrigerante, sino que, tambi\u00e9n son las responsables de eliminar la sobrepresi\u00f3n y depresi\u00f3n que se produce en el radiador.<\/p>\n","protected":false},"featured_media":3381,"comment_status":"open","ping_status":"closed","template":"","meta":[],"product_cat":[685,681],"product_tag":[185],"_links":{"self":[{"href":"https:\/\/dev.cautex.com\/is-lm\/wp-json\/wp\/v2\/product\/3380"}],"collection":[{"href":"https:\/\/dev.cautex.com\/is-lm\/wp-json\/wp\/v2\/product"}],"about":[{"href":"https:\/\/dev.cautex.com\/is-lm\/wp-json\/wp\/v2\/types\/product"}],"replies":[{"embeddable":true,"href":"https:\/\/dev.cautex.com\/is-lm\/wp-json\/wp\/v2\/comments?post=3380"}],"wp:featuredmedia":[{"embeddable":true,"href":"https:\/\/dev.cautex.com\/is-lm\/wp-json\/wp\/v2\/media\/3381"}],"wp:attachment":[{"href":"https:\/\/dev.cautex.com\/is-lm\/wp-json\/wp\/v2\/media?parent=3380"}],"wp:term":[{"taxonomy":"product_cat","embeddable":true,"href":"https:\/\/dev.cautex.com\/is-lm\/wp-json\/wp\/v2\/product_cat?post=3380"},{"taxonomy":"product_tag","embeddable":true,"href":"https:\/\/dev.cautex.com\/is-lm\/wp-json\/wp\/v2\/product_tag?post=3380"}],"curies":[{"name":"wp","href":"https:\/\/api.w.org\/{rel}","templated":true}]}}