{"id":3376,"date":"2022-07-06T07:53:23","date_gmt":"2022-07-06T07:53:23","guid":{"rendered":"https:\/\/www.cautex.com\/producto\/bombas-de-cebado"},"modified":"2022-07-06T07:53:23","modified_gmt":"2022-07-06T07:53:23","slug":"bombas-de-cebado","status":"publish","type":"product","link":"https:\/\/dev.cautex.com\/is-lm\/producto\/bombas-de-cebado\/","title":{"rendered":"BOMBAS DE CEBADO"},"content":{"rendered":"<p>Las bombas de cebado se encarg\u00e1n de llenar de l\u00edquido la tuber\u00eda de aspiraci\u00f3n para facilitar la succi\u00f3n, evitando que queden bolsas de aire en el interior. Tambi\u00e9n disponibles v\u00e1lvulas antiretorno, que se encargan de cerrar el paso de un fluido que est\u00e1 circulando en una direcci\u00f3n determinada.<\/p>\n","protected":false},"excerpt":{"rendered":"<p>Las bombas de cebado se encarg\u00e1n de llenar de l\u00edquido la tuber\u00eda de aspiraci\u00f3n para facilitar la succi\u00f3n, evitando que queden bolsas de aire en el interior. Tambi\u00e9n disponibles v\u00e1lvulas antiretorno, que se encargan de cerrar el paso de un fluido que est\u00e1 circulando en una direcci\u00f3n determinada.<\/p>\n","protected":false},"featured_media":3377,"comment_status":"open","ping_status":"closed","template":"","meta":[],"product_cat":[683,681],"product_tag":[187],"_links":{"self":[{"href":"https:\/\/dev.cautex.com\/is-lm\/wp-json\/wp\/v2\/product\/3376"}],"collection":[{"href":"https:\/\/dev.cautex.com\/is-lm\/wp-json\/wp\/v2\/product"}],"about":[{"href":"https:\/\/dev.cautex.com\/is-lm\/wp-json\/wp\/v2\/types\/product"}],"replies":[{"embeddable":true,"href":"https:\/\/dev.cautex.com\/is-lm\/wp-json\/wp\/v2\/comments?post=3376"}],"wp:featuredmedia":[{"embeddable":true,"href":"https:\/\/dev.cautex.com\/is-lm\/wp-json\/wp\/v2\/media\/3377"}],"wp:attachment":[{"href":"https:\/\/dev.cautex.com\/is-lm\/wp-json\/wp\/v2\/media?parent=3376"}],"wp:term":[{"taxonomy":"product_cat","embeddable":true,"href":"https:\/\/dev.cautex.com\/is-lm\/wp-json\/wp\/v2\/product_cat?post=3376"},{"taxonomy":"product_tag","embeddable":true,"href":"https:\/\/dev.cautex.com\/is-lm\/wp-json\/wp\/v2\/product_tag?post=3376"}],"curies":[{"name":"wp","href":"https:\/\/api.w.org\/{rel}","templated":true}]}}