{"id":3372,"date":"2022-07-06T07:55:23","date_gmt":"2022-07-06T07:55:23","guid":{"rendered":"https:\/\/www.cautex.com\/producto\/abrazaderas"},"modified":"2022-07-06T07:55:23","modified_gmt":"2022-07-06T07:55:23","slug":"abrazaderas","status":"publish","type":"product","link":"https:\/\/dev.cautex.com\/is-lm\/producto\/abrazaderas\/","title":{"rendered":"ABRAZADERAS"},"content":{"rendered":"<p>Abrazaderas de diferentes medidas y m\u00faltiples usos y aplicaciones, tanto espec\u00edficas como universales: met\u00e1licas, pl\u00e1sticas, sin fin, panduit, de colector de escape, de banda perforada&#8230;<\/p>\n","protected":false},"excerpt":{"rendered":"<p>Abrazaderas de diferentes medidas y m\u00faltiples usos y aplicaciones, tanto espec\u00edficas como universales: met\u00e1licas, pl\u00e1sticas, sin fin, panduit, de colector de escape, de banda perforada&#8230;<\/p>\n","protected":false},"featured_media":3373,"comment_status":"open","ping_status":"closed","template":"","meta":[],"product_cat":[682,681],"product_tag":[188],"_links":{"self":[{"href":"https:\/\/dev.cautex.com\/is-lm\/wp-json\/wp\/v2\/product\/3372"}],"collection":[{"href":"https:\/\/dev.cautex.com\/is-lm\/wp-json\/wp\/v2\/product"}],"about":[{"href":"https:\/\/dev.cautex.com\/is-lm\/wp-json\/wp\/v2\/types\/product"}],"replies":[{"embeddable":true,"href":"https:\/\/dev.cautex.com\/is-lm\/wp-json\/wp\/v2\/comments?post=3372"}],"wp:featuredmedia":[{"embeddable":true,"href":"https:\/\/dev.cautex.com\/is-lm\/wp-json\/wp\/v2\/media\/3373"}],"wp:attachment":[{"href":"https:\/\/dev.cautex.com\/is-lm\/wp-json\/wp\/v2\/media?parent=3372"}],"wp:term":[{"taxonomy":"product_cat","embeddable":true,"href":"https:\/\/dev.cautex.com\/is-lm\/wp-json\/wp\/v2\/product_cat?post=3372"},{"taxonomy":"product_tag","embeddable":true,"href":"https:\/\/dev.cautex.com\/is-lm\/wp-json\/wp\/v2\/product_tag?post=3372"}],"curies":[{"name":"wp","href":"https:\/\/api.w.org\/{rel}","templated":true}]}}