{"id":3370,"date":"2022-07-06T07:57:02","date_gmt":"2022-07-06T07:57:02","guid":{"rendered":"https:\/\/www.cautex.com\/producto\/elevalunas"},"modified":"2022-07-06T07:57:02","modified_gmt":"2022-07-06T07:57:02","slug":"elevalunas","status":"publish","type":"product","link":"https:\/\/dev.cautex.com\/is-lm\/producto\/elevalunas\/","title":{"rendered":"ELEVALUNAS"},"content":{"rendered":"<p>Amplia gama de diferentes tipos de elevalunas: manuales, el\u00e9ctricos, con o sin motor, sistema confort\u2026 para el autom\u00f3vil y tambi\u00e9n para veh\u00edculo industrial. Todos los elevalunas cumplen las normativas europeas de calidad exigidas por los fabricantes de autom\u00f3viles.<\/p>\n","protected":false},"excerpt":{"rendered":"<p>Amplia gama de diferentes tipos de elevalunas: manuales, el\u00e9ctricos, con o sin motor, sistema confort\u2026 para el autom\u00f3vil y tambi\u00e9n para veh\u00edculo industrial. Todos los elevalunas cumplen las normativas europeas de calidad exigidas por los fabricantes de autom\u00f3viles.<\/p>\n","protected":false},"featured_media":3371,"comment_status":"open","ping_status":"closed","template":"","meta":[],"product_cat":[662],"product_tag":[189],"_links":{"self":[{"href":"https:\/\/dev.cautex.com\/is-lm\/wp-json\/wp\/v2\/product\/3370"}],"collection":[{"href":"https:\/\/dev.cautex.com\/is-lm\/wp-json\/wp\/v2\/product"}],"about":[{"href":"https:\/\/dev.cautex.com\/is-lm\/wp-json\/wp\/v2\/types\/product"}],"replies":[{"embeddable":true,"href":"https:\/\/dev.cautex.com\/is-lm\/wp-json\/wp\/v2\/comments?post=3370"}],"wp:featuredmedia":[{"embeddable":true,"href":"https:\/\/dev.cautex.com\/is-lm\/wp-json\/wp\/v2\/media\/3371"}],"wp:attachment":[{"href":"https:\/\/dev.cautex.com\/is-lm\/wp-json\/wp\/v2\/media?parent=3370"}],"wp:term":[{"taxonomy":"product_cat","embeddable":true,"href":"https:\/\/dev.cautex.com\/is-lm\/wp-json\/wp\/v2\/product_cat?post=3370"},{"taxonomy":"product_tag","embeddable":true,"href":"https:\/\/dev.cautex.com\/is-lm\/wp-json\/wp\/v2\/product_tag?post=3370"}],"curies":[{"name":"wp","href":"https:\/\/api.w.org\/{rel}","templated":true}]}}