{"id":3368,"date":"2022-07-06T07:58:14","date_gmt":"2022-07-06T07:58:14","guid":{"rendered":"https:\/\/www.cautex.com\/producto\/cable-de-capo"},"modified":"2022-07-06T07:58:14","modified_gmt":"2022-07-06T07:58:14","slug":"cable-de-capo","status":"publish","type":"product","link":"https:\/\/dev.cautex.com\/is-lm\/producto\/cable-de-capo\/","title":{"rendered":"CABLE DE CAP\u00d3"},"content":{"rendered":"<p>El cable de cap\u00f3 permite la apertura del cap\u00f3 del veh\u00edculo al ser accionado por el conductor. El cable tiene un forro protector exterior para impedir la corrosi\u00f3n en los lugares expuestos a los elementos clim\u00e1ticos<\/p>\n","protected":false},"excerpt":{"rendered":"<p>El cable de cap\u00f3 permite la apertura del cap\u00f3 del veh\u00edculo al ser accionado por el conductor. El cable tiene un forro protector exterior para impedir la corrosi\u00f3n en los lugares expuestos a los elementos clim\u00e1ticos<\/p>\n","protected":false},"featured_media":3369,"comment_status":"open","ping_status":"closed","template":"","meta":[],"product_cat":[631,628],"product_tag":[190],"_links":{"self":[{"href":"https:\/\/dev.cautex.com\/is-lm\/wp-json\/wp\/v2\/product\/3368"}],"collection":[{"href":"https:\/\/dev.cautex.com\/is-lm\/wp-json\/wp\/v2\/product"}],"about":[{"href":"https:\/\/dev.cautex.com\/is-lm\/wp-json\/wp\/v2\/types\/product"}],"replies":[{"embeddable":true,"href":"https:\/\/dev.cautex.com\/is-lm\/wp-json\/wp\/v2\/comments?post=3368"}],"wp:featuredmedia":[{"embeddable":true,"href":"https:\/\/dev.cautex.com\/is-lm\/wp-json\/wp\/v2\/media\/3369"}],"wp:attachment":[{"href":"https:\/\/dev.cautex.com\/is-lm\/wp-json\/wp\/v2\/media?parent=3368"}],"wp:term":[{"taxonomy":"product_cat","embeddable":true,"href":"https:\/\/dev.cautex.com\/is-lm\/wp-json\/wp\/v2\/product_cat?post=3368"},{"taxonomy":"product_tag","embeddable":true,"href":"https:\/\/dev.cautex.com\/is-lm\/wp-json\/wp\/v2\/product_tag?post=3368"}],"curies":[{"name":"wp","href":"https:\/\/api.w.org\/{rel}","templated":true}]}}