{"id":3366,"date":"2022-07-06T08:00:32","date_gmt":"2022-07-06T08:00:32","guid":{"rendered":"https:\/\/www.cautex.com\/producto\/cable-de-freno"},"modified":"2022-07-06T08:00:32","modified_gmt":"2022-07-06T08:00:32","slug":"cable-de-freno","status":"publish","type":"product","link":"https:\/\/dev.cautex.com\/is-lm\/producto\/cable-de-freno\/","title":{"rendered":"CABLE DE FRENO"},"content":{"rendered":"<p>El cable de freno, al accionar la palanca de freno de mano, permite a los frenos ejercer su funci\u00f3n, es decir, impedir el movimiento de las ruedas cuando el veh\u00edculo est\u00e1 estacionado.<\/p>\n","protected":false},"excerpt":{"rendered":"<p>El cable de freno, al accionar la palanca de freno de mano, permite a los frenos ejercer su funci\u00f3n, es decir, impedir el movimiento de las ruedas cuando el veh\u00edculo est\u00e1 estacionado.<\/p>\n","protected":false},"featured_media":3367,"comment_status":"open","ping_status":"closed","template":"","meta":[],"product_cat":[634,628],"product_tag":[191],"_links":{"self":[{"href":"https:\/\/dev.cautex.com\/is-lm\/wp-json\/wp\/v2\/product\/3366"}],"collection":[{"href":"https:\/\/dev.cautex.com\/is-lm\/wp-json\/wp\/v2\/product"}],"about":[{"href":"https:\/\/dev.cautex.com\/is-lm\/wp-json\/wp\/v2\/types\/product"}],"replies":[{"embeddable":true,"href":"https:\/\/dev.cautex.com\/is-lm\/wp-json\/wp\/v2\/comments?post=3366"}],"wp:featuredmedia":[{"embeddable":true,"href":"https:\/\/dev.cautex.com\/is-lm\/wp-json\/wp\/v2\/media\/3367"}],"wp:attachment":[{"href":"https:\/\/dev.cautex.com\/is-lm\/wp-json\/wp\/v2\/media?parent=3366"}],"wp:term":[{"taxonomy":"product_cat","embeddable":true,"href":"https:\/\/dev.cautex.com\/is-lm\/wp-json\/wp\/v2\/product_cat?post=3366"},{"taxonomy":"product_tag","embeddable":true,"href":"https:\/\/dev.cautex.com\/is-lm\/wp-json\/wp\/v2\/product_tag?post=3366"}],"curies":[{"name":"wp","href":"https:\/\/api.w.org\/{rel}","templated":true}]}}