{"id":3364,"date":"2022-07-06T08:01:38","date_gmt":"2022-07-06T08:01:38","guid":{"rendered":"https:\/\/www.cautex.com\/producto\/cable-de-starter"},"modified":"2022-07-06T08:01:38","modified_gmt":"2022-07-06T08:01:38","slug":"cable-de-starter","status":"publish","type":"product","link":"https:\/\/dev.cautex.com\/is-lm\/producto\/cable-de-starter\/","title":{"rendered":"CABLE DE STARTER"},"content":{"rendered":"<p>Destinado a veh\u00edculos de los a\u00f1os 70-80. Disponen de un tirador que al ser accionado por el conductor act\u00faa directamente sobre el starter incrementando la riqueza de la mezcla aire\/gasolina para que el motor arranque correctamente.<\/p>\n","protected":false},"excerpt":{"rendered":"<p>Destinado a veh\u00edculos de los a\u00f1os 70-80. Disponen de un tirador que al ser accionado por el conductor act\u00faa directamente sobre el starter incrementando la riqueza de la mezcla aire\/gasolina para que el motor arranque correctamente.<\/p>\n","protected":false},"featured_media":3365,"comment_status":"open","ping_status":"closed","template":"","meta":[],"product_cat":[635,628],"product_tag":[192],"_links":{"self":[{"href":"https:\/\/dev.cautex.com\/is-lm\/wp-json\/wp\/v2\/product\/3364"}],"collection":[{"href":"https:\/\/dev.cautex.com\/is-lm\/wp-json\/wp\/v2\/product"}],"about":[{"href":"https:\/\/dev.cautex.com\/is-lm\/wp-json\/wp\/v2\/types\/product"}],"replies":[{"embeddable":true,"href":"https:\/\/dev.cautex.com\/is-lm\/wp-json\/wp\/v2\/comments?post=3364"}],"wp:featuredmedia":[{"embeddable":true,"href":"https:\/\/dev.cautex.com\/is-lm\/wp-json\/wp\/v2\/media\/3365"}],"wp:attachment":[{"href":"https:\/\/dev.cautex.com\/is-lm\/wp-json\/wp\/v2\/media?parent=3364"}],"wp:term":[{"taxonomy":"product_cat","embeddable":true,"href":"https:\/\/dev.cautex.com\/is-lm\/wp-json\/wp\/v2\/product_cat?post=3364"},{"taxonomy":"product_tag","embeddable":true,"href":"https:\/\/dev.cautex.com\/is-lm\/wp-json\/wp\/v2\/product_tag?post=3364"}],"curies":[{"name":"wp","href":"https:\/\/api.w.org\/{rel}","templated":true}]}}