{"id":3360,"date":"2022-07-06T08:04:20","date_gmt":"2022-07-06T08:04:20","guid":{"rendered":"https:\/\/www.cautex.com\/producto\/cable-de-transmision-cuentakilometros"},"modified":"2022-07-06T08:04:20","modified_gmt":"2022-07-06T08:04:20","slug":"cable-de-transmision-cuentakilometros","status":"publish","type":"product","link":"https:\/\/dev.cautex.com\/is-lm\/producto\/cable-de-transmision-cuentakilometros\/","title":{"rendered":"CABLE DE TRANSMISION CUENTAKIL\u00d3METROS"},"content":{"rendered":"<p>El cable de transmisi\u00f3n cuentakil\u00f3metros controla las rotaciones de la caja de cambios, lo que permite calcular la velocidad del veh\u00edculo. Aunque son piezas t\u00e9cnicamente muy sencillas, se requiere precisi\u00f3n y habilidad para su fabricaci\u00f3n, como una buena lubricaci\u00f3n.<\/p>\n","protected":false},"excerpt":{"rendered":"<p>El cable de transmisi\u00f3n cuentakil\u00f3metros controla las rotaciones de la caja de cambios, lo que permite calcular la velocidad del veh\u00edculo. Aunque son piezas t\u00e9cnicamente muy sencillas, se requiere precisi\u00f3n y habilidad para su fabricaci\u00f3n, como una buena lubricaci\u00f3n.<\/p>\n","protected":false},"featured_media":3361,"comment_status":"open","ping_status":"closed","template":"","meta":[],"product_cat":[636,628],"product_tag":[194],"_links":{"self":[{"href":"https:\/\/dev.cautex.com\/is-lm\/wp-json\/wp\/v2\/product\/3360"}],"collection":[{"href":"https:\/\/dev.cautex.com\/is-lm\/wp-json\/wp\/v2\/product"}],"about":[{"href":"https:\/\/dev.cautex.com\/is-lm\/wp-json\/wp\/v2\/types\/product"}],"replies":[{"embeddable":true,"href":"https:\/\/dev.cautex.com\/is-lm\/wp-json\/wp\/v2\/comments?post=3360"}],"wp:featuredmedia":[{"embeddable":true,"href":"https:\/\/dev.cautex.com\/is-lm\/wp-json\/wp\/v2\/media\/3361"}],"wp:attachment":[{"href":"https:\/\/dev.cautex.com\/is-lm\/wp-json\/wp\/v2\/media?parent=3360"}],"wp:term":[{"taxonomy":"product_cat","embeddable":true,"href":"https:\/\/dev.cautex.com\/is-lm\/wp-json\/wp\/v2\/product_cat?post=3360"},{"taxonomy":"product_tag","embeddable":true,"href":"https:\/\/dev.cautex.com\/is-lm\/wp-json\/wp\/v2\/product_tag?post=3360"}],"curies":[{"name":"wp","href":"https:\/\/api.w.org\/{rel}","templated":true}]}}