{"id":3353,"date":"2022-07-06T08:08:40","date_gmt":"2022-07-06T08:08:40","guid":{"rendered":"https:\/\/www.cautex.com\/producto\/cable-de-acelerador"},"modified":"2022-07-06T08:08:40","modified_gmt":"2022-07-06T08:08:40","slug":"cable-de-acelerador","status":"publish","type":"product","link":"https:\/\/dev.cautex.com\/is-lm\/producto\/cable-de-acelerador\/","title":{"rendered":"CABLE DE ACELERADOR"},"content":{"rendered":"<p>Al accionar el pedal del acelerador, controla la apertura de las v\u00e1lvulas del carburador o de la bomba de inyecci\u00f3n, lo que permite la aceleraci\u00f3n del motor. Cada veh\u00edculo requiere un cable de acelerador espec\u00edfico, aunque tambi\u00e9n existen Kits de cable de acelerador, los cuales incorporan varios componentes sin ensamblar que permiten la adaptaci\u00f3n a varios veh\u00edculos.<\/p>\n","protected":false},"excerpt":{"rendered":"<p>Al accionar el pedal del acelerador, controla la apertura de las v\u00e1lvulas del carburador o de la bomba de inyecci\u00f3n, lo que permite la aceleraci\u00f3n del motor. Cada veh\u00edculo requiere un cable de acelerador espec\u00edfico, aunque tambi\u00e9n existen Kits de cable de acelerador, los cuales incorporan varios componentes sin ensamblar que permiten la adaptaci\u00f3n a [&hellip;]<\/p>\n","protected":false},"featured_media":3354,"comment_status":"open","ping_status":"closed","template":"","meta":[],"product_cat":[629,628],"product_tag":[197],"_links":{"self":[{"href":"https:\/\/dev.cautex.com\/is-lm\/wp-json\/wp\/v2\/product\/3353"}],"collection":[{"href":"https:\/\/dev.cautex.com\/is-lm\/wp-json\/wp\/v2\/product"}],"about":[{"href":"https:\/\/dev.cautex.com\/is-lm\/wp-json\/wp\/v2\/types\/product"}],"replies":[{"embeddable":true,"href":"https:\/\/dev.cautex.com\/is-lm\/wp-json\/wp\/v2\/comments?post=3353"}],"wp:featuredmedia":[{"embeddable":true,"href":"https:\/\/dev.cautex.com\/is-lm\/wp-json\/wp\/v2\/media\/3354"}],"wp:attachment":[{"href":"https:\/\/dev.cautex.com\/is-lm\/wp-json\/wp\/v2\/media?parent=3353"}],"wp:term":[{"taxonomy":"product_cat","embeddable":true,"href":"https:\/\/dev.cautex.com\/is-lm\/wp-json\/wp\/v2\/product_cat?post=3353"},{"taxonomy":"product_tag","embeddable":true,"href":"https:\/\/dev.cautex.com\/is-lm\/wp-json\/wp\/v2\/product_tag?post=3353"}],"curies":[{"name":"wp","href":"https:\/\/api.w.org\/{rel}","templated":true}]}}