{"id":3345,"date":"2022-07-06T08:15:46","date_gmt":"2022-07-06T08:15:46","guid":{"rendered":"https:\/\/www.cautex.com\/producto\/barra-estabilizadora"},"modified":"2022-07-06T08:15:46","modified_gmt":"2022-07-06T08:15:46","slug":"barra-estabilizadora","status":"publish","type":"product","link":"https:\/\/dev.cautex.com\/is-lm\/producto\/barra-estabilizadora\/","title":{"rendered":"BARRA ESTABILIZADORA"},"content":{"rendered":"<p>La barra estabilizadora es la encargada de reducir el balanceo de un veh\u00edculo al tomar una curva. Se trata de una barra met\u00e1lica semi-flexible que une las dos ruedas de un mismo eje y que tambi\u00e9n est\u00e1 unida a la carrocer\u00eda. Su dise\u00f1o provoca que cuando uno de los dos lados de la carrocer\u00eda se hunda, tambi\u00e9n lo haga el otro, aumentando de este modo la estabilidad del coche.<\/p>\n","protected":false},"excerpt":{"rendered":"<p>La barra estabilizadora es la encargada de reducir el balanceo de un veh\u00edculo al tomar una curva. Se trata de una barra met\u00e1lica semi-flexible que une las dos ruedas de un mismo eje y que tambi\u00e9n est\u00e1 unida a la carrocer\u00eda. Su dise\u00f1o provoca que cuando uno de los dos lados de la carrocer\u00eda se [&hellip;]<\/p>\n","protected":false},"featured_media":3346,"comment_status":"open","ping_status":"closed","template":"","meta":[],"product_cat":[707,706],"product_tag":[201],"_links":{"self":[{"href":"https:\/\/dev.cautex.com\/is-lm\/wp-json\/wp\/v2\/product\/3345"}],"collection":[{"href":"https:\/\/dev.cautex.com\/is-lm\/wp-json\/wp\/v2\/product"}],"about":[{"href":"https:\/\/dev.cautex.com\/is-lm\/wp-json\/wp\/v2\/types\/product"}],"replies":[{"embeddable":true,"href":"https:\/\/dev.cautex.com\/is-lm\/wp-json\/wp\/v2\/comments?post=3345"}],"wp:featuredmedia":[{"embeddable":true,"href":"https:\/\/dev.cautex.com\/is-lm\/wp-json\/wp\/v2\/media\/3346"}],"wp:attachment":[{"href":"https:\/\/dev.cautex.com\/is-lm\/wp-json\/wp\/v2\/media?parent=3345"}],"wp:term":[{"taxonomy":"product_cat","embeddable":true,"href":"https:\/\/dev.cautex.com\/is-lm\/wp-json\/wp\/v2\/product_cat?post=3345"},{"taxonomy":"product_tag","embeddable":true,"href":"https:\/\/dev.cautex.com\/is-lm\/wp-json\/wp\/v2\/product_tag?post=3345"}],"curies":[{"name":"wp","href":"https:\/\/api.w.org\/{rel}","templated":true}]}}