{"id":3343,"date":"2022-07-06T08:17:21","date_gmt":"2022-07-06T08:17:21","guid":{"rendered":"https:\/\/www.cautex.com\/producto\/filtros-de-combustible"},"modified":"2022-07-06T08:17:21","modified_gmt":"2022-07-06T08:17:21","slug":"filtros-de-combustible","status":"publish","type":"product","link":"https:\/\/dev.cautex.com\/is-lm\/producto\/filtros-de-combustible\/","title":{"rendered":"FILTROS DE COMBUSTIBLE"},"content":{"rendered":"<p>El filtro de combustible es un elemento fundamental para el correcto funcionamiento del motor, ya que funciona como una barrera que evita la penetraci\u00f3n de suciedad o impurezas en el circuito de inyecci\u00f3n, la bomba de presi\u00f3n, los inyectores o el circuito de alimentaci\u00f3n.<\/p>\n","protected":false},"excerpt":{"rendered":"<p>El filtro de combustible es un elemento fundamental para el correcto funcionamiento del motor, ya que funciona como una barrera que evita la penetraci\u00f3n de suciedad o impurezas en el circuito de inyecci\u00f3n, la bomba de presi\u00f3n, los inyectores o el circuito de alimentaci\u00f3n.<\/p>\n","protected":false},"featured_media":3344,"comment_status":"open","ping_status":"closed","template":"","meta":[],"product_cat":[708,706],"product_tag":[202],"_links":{"self":[{"href":"https:\/\/dev.cautex.com\/is-lm\/wp-json\/wp\/v2\/product\/3343"}],"collection":[{"href":"https:\/\/dev.cautex.com\/is-lm\/wp-json\/wp\/v2\/product"}],"about":[{"href":"https:\/\/dev.cautex.com\/is-lm\/wp-json\/wp\/v2\/types\/product"}],"replies":[{"embeddable":true,"href":"https:\/\/dev.cautex.com\/is-lm\/wp-json\/wp\/v2\/comments?post=3343"}],"wp:featuredmedia":[{"embeddable":true,"href":"https:\/\/dev.cautex.com\/is-lm\/wp-json\/wp\/v2\/media\/3344"}],"wp:attachment":[{"href":"https:\/\/dev.cautex.com\/is-lm\/wp-json\/wp\/v2\/media?parent=3343"}],"wp:term":[{"taxonomy":"product_cat","embeddable":true,"href":"https:\/\/dev.cautex.com\/is-lm\/wp-json\/wp\/v2\/product_cat?post=3343"},{"taxonomy":"product_tag","embeddable":true,"href":"https:\/\/dev.cautex.com\/is-lm\/wp-json\/wp\/v2\/product_tag?post=3343"}],"curies":[{"name":"wp","href":"https:\/\/api.w.org\/{rel}","templated":true}]}}