{"id":3341,"date":"2022-07-06T08:18:53","date_gmt":"2022-07-06T08:18:53","guid":{"rendered":"https:\/\/www.cautex.com\/producto\/filtros-de-transmision"},"modified":"2022-07-06T08:18:53","modified_gmt":"2022-07-06T08:18:53","slug":"filtros-de-transmision","status":"publish","type":"product","link":"https:\/\/dev.cautex.com\/is-lm\/producto\/filtros-de-transmision\/","title":{"rendered":"FILTROS DE TRANSMISI\u00d3N"},"content":{"rendered":"<p>El filtro de transmisi\u00f3n est\u00e1 ubicado sobre la bandeja de la transmisi\u00f3n, que atrapa cualquier exceso de l\u00edquido, y debajo de un tubo de recolecci\u00f3n que se conecta a la bomba de aceite, que regula la presi\u00f3n del fluido dentro de la transmisi\u00f3n.<\/p>\n","protected":false},"excerpt":{"rendered":"<p>El filtro de transmisi\u00f3n est\u00e1 ubicado sobre la bandeja de la transmisi\u00f3n, que atrapa cualquier exceso de l\u00edquido, y debajo de un tubo de recolecci\u00f3n que se conecta a la bomba de aceite, que regula la presi\u00f3n del fluido dentro de la transmisi\u00f3n.<\/p>\n","protected":false},"featured_media":3342,"comment_status":"open","ping_status":"closed","template":"","meta":[],"product_cat":[709,706],"product_tag":[203],"_links":{"self":[{"href":"https:\/\/dev.cautex.com\/is-lm\/wp-json\/wp\/v2\/product\/3341"}],"collection":[{"href":"https:\/\/dev.cautex.com\/is-lm\/wp-json\/wp\/v2\/product"}],"about":[{"href":"https:\/\/dev.cautex.com\/is-lm\/wp-json\/wp\/v2\/types\/product"}],"replies":[{"embeddable":true,"href":"https:\/\/dev.cautex.com\/is-lm\/wp-json\/wp\/v2\/comments?post=3341"}],"wp:featuredmedia":[{"embeddable":true,"href":"https:\/\/dev.cautex.com\/is-lm\/wp-json\/wp\/v2\/media\/3342"}],"wp:attachment":[{"href":"https:\/\/dev.cautex.com\/is-lm\/wp-json\/wp\/v2\/media?parent=3341"}],"wp:term":[{"taxonomy":"product_cat","embeddable":true,"href":"https:\/\/dev.cautex.com\/is-lm\/wp-json\/wp\/v2\/product_cat?post=3341"},{"taxonomy":"product_tag","embeddable":true,"href":"https:\/\/dev.cautex.com\/is-lm\/wp-json\/wp\/v2\/product_tag?post=3341"}],"curies":[{"name":"wp","href":"https:\/\/api.w.org\/{rel}","templated":true}]}}