{"id":3339,"date":"2022-07-06T08:20:51","date_gmt":"2022-07-06T08:20:51","guid":{"rendered":"https:\/\/www.cautex.com\/producto\/valvula-vapores-motor"},"modified":"2022-07-06T08:20:51","modified_gmt":"2022-07-06T08:20:51","slug":"valvula-vapores-motor","status":"publish","type":"product","link":"https:\/\/dev.cautex.com\/is-lm\/producto\/valvula-vapores-motor\/","title":{"rendered":"V\u00c1LVULA VAPORES MOTOR"},"content":{"rendered":"<p>La v\u00e1lvula PCV tiene la funci\u00f3n de liberar la presi\u00f3n existente en el c\u00e1rter a consecuencia del accionamiento del pist\u00f3n y del incremento de temperatura que se produce en el interior del motor. Permite el paso de los vapores en un \u00fanico sentido, desde el interior del motor hasta el colector de admisi\u00f3n, haciendo la funci\u00f3n antirretorno.<\/p>\n","protected":false},"excerpt":{"rendered":"<p>La v\u00e1lvula PCV tiene la funci\u00f3n de liberar la presi\u00f3n existente en el c\u00e1rter a consecuencia del accionamiento del pist\u00f3n y del incremento de temperatura que se produce en el interior del motor. Permite el paso de los vapores en un \u00fanico sentido, desde el interior del motor hasta el colector de admisi\u00f3n, haciendo la [&hellip;]<\/p>\n","protected":false},"featured_media":3340,"comment_status":"open","ping_status":"closed","template":"","meta":[],"product_cat":[714,706],"product_tag":[204],"_links":{"self":[{"href":"https:\/\/dev.cautex.com\/is-lm\/wp-json\/wp\/v2\/product\/3339"}],"collection":[{"href":"https:\/\/dev.cautex.com\/is-lm\/wp-json\/wp\/v2\/product"}],"about":[{"href":"https:\/\/dev.cautex.com\/is-lm\/wp-json\/wp\/v2\/types\/product"}],"replies":[{"embeddable":true,"href":"https:\/\/dev.cautex.com\/is-lm\/wp-json\/wp\/v2\/comments?post=3339"}],"wp:featuredmedia":[{"embeddable":true,"href":"https:\/\/dev.cautex.com\/is-lm\/wp-json\/wp\/v2\/media\/3340"}],"wp:attachment":[{"href":"https:\/\/dev.cautex.com\/is-lm\/wp-json\/wp\/v2\/media?parent=3339"}],"wp:term":[{"taxonomy":"product_cat","embeddable":true,"href":"https:\/\/dev.cautex.com\/is-lm\/wp-json\/wp\/v2\/product_cat?post=3339"},{"taxonomy":"product_tag","embeddable":true,"href":"https:\/\/dev.cautex.com\/is-lm\/wp-json\/wp\/v2\/product_tag?post=3339"}],"curies":[{"name":"wp","href":"https:\/\/api.w.org\/{rel}","templated":true}]}}