{"id":3335,"date":"2022-07-06T08:40:46","date_gmt":"2022-07-06T08:40:46","guid":{"rendered":"https:\/\/www.cautex.com\/producto\/separador-de-aceite"},"modified":"2022-07-06T08:40:46","modified_gmt":"2022-07-06T08:40:46","slug":"separador-de-aceite","status":"publish","type":"product","link":"https:\/\/dev.cautex.com\/is-lm\/producto\/separador-de-aceite\/","title":{"rendered":"SEPARADOR DE ACEITE"},"content":{"rendered":"<p>Este elemento se instala justo antes del sistema de ventilaci\u00f3n de gases del c\u00e1rter y su funci\u00f3n es separar los vapores de gasolina del aceite y la suciedad, de modo que deja pasar solo el aire con gasolina, dejando el aceite y la suciedad en su interior.<\/p>\n","protected":false},"excerpt":{"rendered":"<p>Este elemento se instala justo antes del sistema de ventilaci\u00f3n de gases del c\u00e1rter y su funci\u00f3n es separar los vapores de gasolina del aceite y la suciedad, de modo que deja pasar solo el aire con gasolina, dejando el aceite y la suciedad en su interior.<\/p>\n","protected":false},"featured_media":3336,"comment_status":"open","ping_status":"closed","template":"","meta":[],"product_cat":[713,706],"product_tag":[206],"_links":{"self":[{"href":"https:\/\/dev.cautex.com\/is-lm\/wp-json\/wp\/v2\/product\/3335"}],"collection":[{"href":"https:\/\/dev.cautex.com\/is-lm\/wp-json\/wp\/v2\/product"}],"about":[{"href":"https:\/\/dev.cautex.com\/is-lm\/wp-json\/wp\/v2\/types\/product"}],"replies":[{"embeddable":true,"href":"https:\/\/dev.cautex.com\/is-lm\/wp-json\/wp\/v2\/comments?post=3335"}],"wp:featuredmedia":[{"embeddable":true,"href":"https:\/\/dev.cautex.com\/is-lm\/wp-json\/wp\/v2\/media\/3336"}],"wp:attachment":[{"href":"https:\/\/dev.cautex.com\/is-lm\/wp-json\/wp\/v2\/media?parent=3335"}],"wp:term":[{"taxonomy":"product_cat","embeddable":true,"href":"https:\/\/dev.cautex.com\/is-lm\/wp-json\/wp\/v2\/product_cat?post=3335"},{"taxonomy":"product_tag","embeddable":true,"href":"https:\/\/dev.cautex.com\/is-lm\/wp-json\/wp\/v2\/product_tag?post=3335"}],"curies":[{"name":"wp","href":"https:\/\/api.w.org\/{rel}","templated":true}]}}