{"id":3333,"date":"2022-07-06T08:42:08","date_gmt":"2022-07-06T08:42:08","guid":{"rendered":"https:\/\/www.cautex.com\/producto\/interruptor"},"modified":"2022-07-18T08:12:31","modified_gmt":"2022-07-18T08:12:31","slug":"interruptor","status":"publish","type":"product","link":"https:\/\/dev.cautex.com\/is-lm\/producto\/interruptor\/","title":{"rendered":"INTERRUPTOR"},"content":{"rendered":"<p>Los interruptores el\u00e9ctricos son dispositivos que sirven para desviar u obstaculizar el flujo de corriente el\u00e9ctrica, como para la luz de marcha atr\u00e1s, encendido, freno\u2026<\/p>\n","protected":false},"excerpt":{"rendered":"<p>Los interruptores el\u00e9ctricos son dispositivos que sirven para desviar u obstaculizar el flujo de corriente el\u00e9ctrica, como para la luz de marcha atr\u00e1s, encendido, freno\u2026<\/p>\n","protected":false},"featured_media":3930,"comment_status":"open","ping_status":"closed","template":"","meta":[],"product_cat":[710,706],"product_tag":[207],"_links":{"self":[{"href":"https:\/\/dev.cautex.com\/is-lm\/wp-json\/wp\/v2\/product\/3333"}],"collection":[{"href":"https:\/\/dev.cautex.com\/is-lm\/wp-json\/wp\/v2\/product"}],"about":[{"href":"https:\/\/dev.cautex.com\/is-lm\/wp-json\/wp\/v2\/types\/product"}],"replies":[{"embeddable":true,"href":"https:\/\/dev.cautex.com\/is-lm\/wp-json\/wp\/v2\/comments?post=3333"}],"wp:featuredmedia":[{"embeddable":true,"href":"https:\/\/dev.cautex.com\/is-lm\/wp-json\/wp\/v2\/media\/3930"}],"wp:attachment":[{"href":"https:\/\/dev.cautex.com\/is-lm\/wp-json\/wp\/v2\/media?parent=3333"}],"wp:term":[{"taxonomy":"product_cat","embeddable":true,"href":"https:\/\/dev.cautex.com\/is-lm\/wp-json\/wp\/v2\/product_cat?post=3333"},{"taxonomy":"product_tag","embeddable":true,"href":"https:\/\/dev.cautex.com\/is-lm\/wp-json\/wp\/v2\/product_tag?post=3333"}],"curies":[{"name":"wp","href":"https:\/\/api.w.org\/{rel}","templated":true}]}}