{"id":3156,"date":"2022-07-04T08:17:56","date_gmt":"2022-07-04T08:17:56","guid":{"rendered":"https:\/\/www.cautex.com\/producto\/moyeux-et-nuts"},"modified":"2022-07-04T08:17:56","modified_gmt":"2022-07-04T08:17:56","slug":"moyeux-et-nuts","status":"publish","type":"product","link":"https:\/\/dev.cautex.com\/fr\/producto\/moyeux-et-nuts\/","title":{"rendered":"MOYEUX ET NUTS"},"content":{"rendered":"<p>Une gamme de moyeux qui supportent la roue et lui permettent de faire une rotation sur son propre axe. Gr\u00e2ce \u00e0 la grande flexibilit\u00e9 des mat\u00e9riaux qui r\u00e9duisent l&rsquo;usure, le bruit et les vibrations qu&rsquo;elle g\u00e9n\u00e8re en pleine activit\u00e9. Nos moyeux r\u00e9pondent aux tol\u00e9rances dimensionnelles les plus restrictives.<\/p>\n","protected":false},"excerpt":{"rendered":"<p>Une gamme de moyeux qui supportent la roue et lui permettent de faire une rotation sur son propre axe. Gr\u00e2ce \u00e0 la grande flexibilit\u00e9 des mat\u00e9riaux qui r\u00e9duisent l&rsquo;usure, le bruit et les vibrations qu&rsquo;elle g\u00e9n\u00e8re en pleine activit\u00e9. Nos moyeux r\u00e9pondent aux tol\u00e9rances dimensionnelles les plus restrictives.<\/p>\n","protected":false},"featured_media":1898,"comment_status":"open","ping_status":"closed","template":"","meta":[],"product_cat":[447,450],"product_tag":[161],"_links":{"self":[{"href":"https:\/\/dev.cautex.com\/fr\/wp-json\/wp\/v2\/product\/3156"}],"collection":[{"href":"https:\/\/dev.cautex.com\/fr\/wp-json\/wp\/v2\/product"}],"about":[{"href":"https:\/\/dev.cautex.com\/fr\/wp-json\/wp\/v2\/types\/product"}],"replies":[{"embeddable":true,"href":"https:\/\/dev.cautex.com\/fr\/wp-json\/wp\/v2\/comments?post=3156"}],"wp:featuredmedia":[{"embeddable":true,"href":"https:\/\/dev.cautex.com\/fr\/wp-json\/wp\/v2\/media\/1898"}],"wp:attachment":[{"href":"https:\/\/dev.cautex.com\/fr\/wp-json\/wp\/v2\/media?parent=3156"}],"wp:term":[{"taxonomy":"product_cat","embeddable":true,"href":"https:\/\/dev.cautex.com\/fr\/wp-json\/wp\/v2\/product_cat?post=3156"},{"taxonomy":"product_tag","embeddable":true,"href":"https:\/\/dev.cautex.com\/fr\/wp-json\/wp\/v2\/product_tag?post=3156"}],"curies":[{"name":"wp","href":"https:\/\/api.w.org\/{rel}","templated":true}]}}