{"id":3154,"date":"2022-07-05T08:51:31","date_gmt":"2022-07-05T08:51:31","guid":{"rendered":"https:\/\/www.cautex.com\/producto\/kits-de-roulement-de-roue"},"modified":"2022-07-05T08:51:31","modified_gmt":"2022-07-05T08:51:31","slug":"kits-de-roulement-de-roue","status":"publish","type":"product","link":"https:\/\/dev.cautex.com\/fr\/producto\/kits-de-roulement-de-roue\/","title":{"rendered":"KITS DE ROULEMENT DE ROUE"},"content":{"rendered":"<p>Les roulements de roues sont con\u00e7us pour assurer une bonne rotation des roues et r\u00e9pondre aux diverses limitations telles que la charge admise ou la r\u00e9sistance au d\u00e9marrage Une r\u00e9sistance moindre au roulement permet d&rsquo;optimiser la dur\u00e9e de vie des pneumatiques. Le kit de roulement de roue comprend une bague (int\u00e9rieure et ext\u00e9rieure ainsi qu&rsquo;un compartiment \u00e0 billes ou \u00e0 galets.<\/p>\n","protected":false},"excerpt":{"rendered":"<p>Les roulements de roues sont con\u00e7us pour assurer une bonne rotation des roues et r\u00e9pondre aux diverses limitations telles que la charge admise ou la r\u00e9sistance au d\u00e9marrage Une r\u00e9sistance moindre au roulement permet d&rsquo;optimiser la dur\u00e9e de vie des pneumatiques. Le kit de roulement de roue comprend une bague (int\u00e9rieure et ext\u00e9rieure ainsi qu&rsquo;un [&hellip;]<\/p>\n","protected":false},"featured_media":1964,"comment_status":"open","ping_status":"closed","template":"","meta":[],"product_cat":[479,480],"product_tag":[],"_links":{"self":[{"href":"https:\/\/dev.cautex.com\/fr\/wp-json\/wp\/v2\/product\/3154"}],"collection":[{"href":"https:\/\/dev.cautex.com\/fr\/wp-json\/wp\/v2\/product"}],"about":[{"href":"https:\/\/dev.cautex.com\/fr\/wp-json\/wp\/v2\/types\/product"}],"replies":[{"embeddable":true,"href":"https:\/\/dev.cautex.com\/fr\/wp-json\/wp\/v2\/comments?post=3154"}],"wp:featuredmedia":[{"embeddable":true,"href":"https:\/\/dev.cautex.com\/fr\/wp-json\/wp\/v2\/media\/1964"}],"wp:attachment":[{"href":"https:\/\/dev.cautex.com\/fr\/wp-json\/wp\/v2\/media?parent=3154"}],"wp:term":[{"taxonomy":"product_cat","embeddable":true,"href":"https:\/\/dev.cautex.com\/fr\/wp-json\/wp\/v2\/product_cat?post=3154"},{"taxonomy":"product_tag","embeddable":true,"href":"https:\/\/dev.cautex.com\/fr\/wp-json\/wp\/v2\/product_tag?post=3154"}],"curies":[{"name":"wp","href":"https:\/\/api.w.org\/{rel}","templated":true}]}}