{"id":3153,"date":"2022-07-12T07:46:07","date_gmt":"2022-07-12T07:46:07","guid":{"rendered":"https:\/\/www.cautex.com\/producto\/capteur-abs"},"modified":"2022-07-12T07:46:07","modified_gmt":"2022-07-12T07:46:07","slug":"capteur-abs","status":"publish","type":"product","link":"https:\/\/dev.cautex.com\/fr\/producto\/capteur-abs\/","title":{"rendered":"CAPTEUR ABS"},"content":{"rendered":"<p>Les capteurs ABS (Antilock Braking System) capteurs ou r\u00e9volutions des roues, sont plac\u00e9s dans le moyeu des roues et d\u00e9tectent la vitesse de rotation de chaque roue, transf\u00e8rent l&rsquo;information \u00e0 l&rsquo;unit\u00e9 de contr\u00f4le de l&rsquo;ABS. Si l&rsquo;unit\u00e9 de contr\u00f4le de l&rsquo;ABS d\u00e9tecte qu&rsquo;il y a une baisse significative de la vitesse dans une ou plusieurs roues, ce qui pourrait entrainer leur blocage, il intervient rapidement en modulant la pression du frein de chaque roue en particulier. e cette fa\u00e7on, cela \u00e9vite que les roues se bloquent et garantit un freinage s\u00fbr, tout en permettant au conducteur de maintenir le contr\u00f4le du v\u00e9hicule.<\/p>\n","protected":false},"excerpt":{"rendered":"<p>Les capteurs ABS (Antilock Braking System) capteurs ou r\u00e9volutions des roues, sont plac\u00e9s dans le moyeu des roues et d\u00e9tectent la vitesse de rotation de chaque roue, transf\u00e8rent l&rsquo;information \u00e0 l&rsquo;unit\u00e9 de contr\u00f4le de l&rsquo;ABS. Si l&rsquo;unit\u00e9 de contr\u00f4le de l&rsquo;ABS d\u00e9tecte qu&rsquo;il y a une baisse significative de la vitesse dans une ou plusieurs [&hellip;]<\/p>\n","protected":false},"featured_media":3017,"comment_status":"open","ping_status":"closed","template":"","meta":[],"product_cat":[473,472],"product_tag":[],"_links":{"self":[{"href":"https:\/\/dev.cautex.com\/fr\/wp-json\/wp\/v2\/product\/3153"}],"collection":[{"href":"https:\/\/dev.cautex.com\/fr\/wp-json\/wp\/v2\/product"}],"about":[{"href":"https:\/\/dev.cautex.com\/fr\/wp-json\/wp\/v2\/types\/product"}],"replies":[{"embeddable":true,"href":"https:\/\/dev.cautex.com\/fr\/wp-json\/wp\/v2\/comments?post=3153"}],"wp:featuredmedia":[{"embeddable":true,"href":"https:\/\/dev.cautex.com\/fr\/wp-json\/wp\/v2\/media\/3017"}],"wp:attachment":[{"href":"https:\/\/dev.cautex.com\/fr\/wp-json\/wp\/v2\/media?parent=3153"}],"wp:term":[{"taxonomy":"product_cat","embeddable":true,"href":"https:\/\/dev.cautex.com\/fr\/wp-json\/wp\/v2\/product_cat?post=3153"},{"taxonomy":"product_tag","embeddable":true,"href":"https:\/\/dev.cautex.com\/fr\/wp-json\/wp\/v2\/product_tag?post=3153"}],"curies":[{"name":"wp","href":"https:\/\/api.w.org\/{rel}","templated":true}]}}