{"id":3152,"date":"2022-07-06T07:52:17","date_gmt":"2022-07-06T07:52:17","guid":{"rendered":"https:\/\/www.cautex.com\/producto\/pompes-lave-glace"},"modified":"2022-07-06T07:52:17","modified_gmt":"2022-07-06T07:52:17","slug":"pompes-lave-glace","status":"publish","type":"product","link":"https:\/\/dev.cautex.com\/fr\/producto\/pompes-lave-glace\/","title":{"rendered":"POMPES LAVE GLACE"},"content":{"rendered":"<p>Connue aussi sous le nom pompe \u00e0 eau de lavage. Lorsque la pompe des essuie-glaces est activ\u00e9e, elle vaporise de l&rsquo;eau sur le parebrise qui peut \u00eatre retir\u00e9e avec les balais que l&rsquo;on peut actionner \u00e0 partir d&rsquo;un interrupteur distinct. Quelques mod\u00e8les universels et certains accessoires n\u00e9cessaires tels que des bouchons et des joints d&rsquo;\u00e9tanch\u00e9it\u00e9 sont inclus.<\/p>\n","protected":false},"excerpt":{"rendered":"<p>Connue aussi sous le nom pompe \u00e0 eau de lavage. Lorsque la pompe des essuie-glaces est activ\u00e9e, elle vaporise de l&rsquo;eau sur le parebrise qui peut \u00eatre retir\u00e9e avec les balais que l&rsquo;on peut actionner \u00e0 partir d&rsquo;un interrupteur distinct. Quelques mod\u00e8les universels et certains accessoires n\u00e9cessaires tels que des bouchons et des joints d&rsquo;\u00e9tanch\u00e9it\u00e9 [&hellip;]<\/p>\n","protected":false},"featured_media":1985,"comment_status":"open","ping_status":"closed","template":"","meta":[],"product_cat":[490,493],"product_tag":[186],"_links":{"self":[{"href":"https:\/\/dev.cautex.com\/fr\/wp-json\/wp\/v2\/product\/3152"}],"collection":[{"href":"https:\/\/dev.cautex.com\/fr\/wp-json\/wp\/v2\/product"}],"about":[{"href":"https:\/\/dev.cautex.com\/fr\/wp-json\/wp\/v2\/types\/product"}],"replies":[{"embeddable":true,"href":"https:\/\/dev.cautex.com\/fr\/wp-json\/wp\/v2\/comments?post=3152"}],"wp:featuredmedia":[{"embeddable":true,"href":"https:\/\/dev.cautex.com\/fr\/wp-json\/wp\/v2\/media\/1985"}],"wp:attachment":[{"href":"https:\/\/dev.cautex.com\/fr\/wp-json\/wp\/v2\/media?parent=3152"}],"wp:term":[{"taxonomy":"product_cat","embeddable":true,"href":"https:\/\/dev.cautex.com\/fr\/wp-json\/wp\/v2\/product_cat?post=3152"},{"taxonomy":"product_tag","embeddable":true,"href":"https:\/\/dev.cautex.com\/fr\/wp-json\/wp\/v2\/product_tag?post=3152"}],"curies":[{"name":"wp","href":"https:\/\/api.w.org\/{rel}","templated":true}]}}