{"id":3151,"date":"2022-07-06T07:57:02","date_gmt":"2022-07-06T07:57:02","guid":{"rendered":"https:\/\/www.cautex.com\/producto\/leve-glace"},"modified":"2022-07-06T07:57:02","modified_gmt":"2022-07-06T07:57:02","slug":"leve-glace","status":"publish","type":"product","link":"https:\/\/dev.cautex.com\/fr\/producto\/leve-glace\/","title":{"rendered":"L\u00c8VE-GLACE"},"content":{"rendered":"<p>Une large gamme de diff\u00e9rents types de l\u00e8ve-vitre : manuels, \u00e9lectriques, avec ou sans moteur, syst\u00e8me confort\u2026 pour automobiles et aussi pour des v\u00e9hicules industriels. Tous les l\u00e8ve-vitres sont conformes aux normes europ\u00e9ennes de qualit\u00e9 impos\u00e9es aux constructeurs.<\/p>\n","protected":false},"excerpt":{"rendered":"<p>Une large gamme de diff\u00e9rents types de l\u00e8ve-vitre : manuels, \u00e9lectriques, avec ou sans moteur, syst\u00e8me confort\u2026 pour automobiles et aussi pour des v\u00e9hicules industriels. Tous les l\u00e8ve-vitres sont conformes aux normes europ\u00e9ennes de qualit\u00e9 impos\u00e9es aux constructeurs.<\/p>\n","protected":false},"featured_media":1997,"comment_status":"open","ping_status":"closed","template":"","meta":[],"product_cat":[471],"product_tag":[189],"_links":{"self":[{"href":"https:\/\/dev.cautex.com\/fr\/wp-json\/wp\/v2\/product\/3151"}],"collection":[{"href":"https:\/\/dev.cautex.com\/fr\/wp-json\/wp\/v2\/product"}],"about":[{"href":"https:\/\/dev.cautex.com\/fr\/wp-json\/wp\/v2\/types\/product"}],"replies":[{"embeddable":true,"href":"https:\/\/dev.cautex.com\/fr\/wp-json\/wp\/v2\/comments?post=3151"}],"wp:featuredmedia":[{"embeddable":true,"href":"https:\/\/dev.cautex.com\/fr\/wp-json\/wp\/v2\/media\/1997"}],"wp:attachment":[{"href":"https:\/\/dev.cautex.com\/fr\/wp-json\/wp\/v2\/media?parent=3151"}],"wp:term":[{"taxonomy":"product_cat","embeddable":true,"href":"https:\/\/dev.cautex.com\/fr\/wp-json\/wp\/v2\/product_cat?post=3151"},{"taxonomy":"product_tag","embeddable":true,"href":"https:\/\/dev.cautex.com\/fr\/wp-json\/wp\/v2\/product_tag?post=3151"}],"curies":[{"name":"wp","href":"https:\/\/api.w.org\/{rel}","templated":true}]}}