{"id":3149,"date":"2022-07-05T08:06:14","date_gmt":"2022-07-05T08:06:14","guid":{"rendered":"https:\/\/www.cautex.com\/producto\/pieces-diverses-suspension"},"modified":"2022-07-05T08:06:14","modified_gmt":"2022-07-05T08:06:14","slug":"pieces-diverses-suspension","status":"publish","type":"product","link":"https:\/\/dev.cautex.com\/fr\/producto\/pieces-diverses-suspension\/","title":{"rendered":"PI\u00c8CES DIVERSES SUSPENSION"},"content":{"rendered":"<p>Supports et bras de suspension avec un design ergonomique qui leur permet de s&rsquo;int\u00e9grer de fa\u00e7on plus s\u00fbre aussi bien \u00e0 la roue qu&rsquo;\u00e0 la carrosserie, en les gardant unies. La rigidit\u00e9 du mat\u00e9riau avec lequel ils sont faits permet \u00e0 la roue de d\u00e9finir sa position par rapport \u00e0 la carrosserie et lui transmettre une partie de ses efforts.<\/p>\n","protected":false},"excerpt":{"rendered":"<p>Supports et bras de suspension avec un design ergonomique qui leur permet de s&rsquo;int\u00e9grer de fa\u00e7on plus s\u00fbre aussi bien \u00e0 la roue qu&rsquo;\u00e0 la carrosserie, en les gardant unies. La rigidit\u00e9 du mat\u00e9riau avec lequel ils sont faits permet \u00e0 la roue de d\u00e9finir sa position par rapport \u00e0 la carrosserie et lui transmettre [&hellip;]<\/p>\n","protected":false},"featured_media":1946,"comment_status":"open","ping_status":"closed","template":"","meta":[],"product_cat":[447,458],"product_tag":[176],"_links":{"self":[{"href":"https:\/\/dev.cautex.com\/fr\/wp-json\/wp\/v2\/product\/3149"}],"collection":[{"href":"https:\/\/dev.cautex.com\/fr\/wp-json\/wp\/v2\/product"}],"about":[{"href":"https:\/\/dev.cautex.com\/fr\/wp-json\/wp\/v2\/types\/product"}],"replies":[{"embeddable":true,"href":"https:\/\/dev.cautex.com\/fr\/wp-json\/wp\/v2\/comments?post=3149"}],"wp:featuredmedia":[{"embeddable":true,"href":"https:\/\/dev.cautex.com\/fr\/wp-json\/wp\/v2\/media\/1946"}],"wp:attachment":[{"href":"https:\/\/dev.cautex.com\/fr\/wp-json\/wp\/v2\/media?parent=3149"}],"wp:term":[{"taxonomy":"product_cat","embeddable":true,"href":"https:\/\/dev.cautex.com\/fr\/wp-json\/wp\/v2\/product_cat?post=3149"},{"taxonomy":"product_tag","embeddable":true,"href":"https:\/\/dev.cautex.com\/fr\/wp-json\/wp\/v2\/product_tag?post=3149"}],"curies":[{"name":"wp","href":"https:\/\/api.w.org\/{rel}","templated":true}]}}