{"id":3148,"date":"2022-07-01T10:52:06","date_gmt":"2022-07-01T10:52:06","guid":{"rendered":"https:\/\/www.cautex.com\/producto\/autres-durites"},"modified":"2022-07-01T10:52:06","modified_gmt":"2022-07-01T10:52:06","slug":"autres-durites","status":"publish","type":"product","link":"https:\/\/dev.cautex.com\/fr\/producto\/autres-durites\/","title":{"rendered":"AUTRES DURITES"},"content":{"rendered":"<p>Une s\u00e9lection de durites con\u00e7ues pour r\u00e9pondre aux besoins de l&rsquo;ensemble du parc automobile pour la circulation de divers fluides et applications : huile, eau, chauffage, \u00e9changeur, radiateur, thermostat, collecteur, \u00e9vaporateur\u2026<\/p>\n","protected":false},"excerpt":{"rendered":"<p>Une s\u00e9lection de durites con\u00e7ues pour r\u00e9pondre aux besoins de l&rsquo;ensemble du parc automobile pour la circulation de divers fluides et applications : huile, eau, chauffage, \u00e9changeur, radiateur, thermostat, collecteur, \u00e9vaporateur\u2026<\/p>\n","protected":false},"featured_media":1880,"comment_status":"open","ping_status":"closed","template":"","meta":[],"product_cat":[505,503],"product_tag":[156],"_links":{"self":[{"href":"https:\/\/dev.cautex.com\/fr\/wp-json\/wp\/v2\/product\/3148"}],"collection":[{"href":"https:\/\/dev.cautex.com\/fr\/wp-json\/wp\/v2\/product"}],"about":[{"href":"https:\/\/dev.cautex.com\/fr\/wp-json\/wp\/v2\/types\/product"}],"replies":[{"embeddable":true,"href":"https:\/\/dev.cautex.com\/fr\/wp-json\/wp\/v2\/comments?post=3148"}],"wp:featuredmedia":[{"embeddable":true,"href":"https:\/\/dev.cautex.com\/fr\/wp-json\/wp\/v2\/media\/1880"}],"wp:attachment":[{"href":"https:\/\/dev.cautex.com\/fr\/wp-json\/wp\/v2\/media?parent=3148"}],"wp:term":[{"taxonomy":"product_cat","embeddable":true,"href":"https:\/\/dev.cautex.com\/fr\/wp-json\/wp\/v2\/product_cat?post=3148"},{"taxonomy":"product_tag","embeddable":true,"href":"https:\/\/dev.cautex.com\/fr\/wp-json\/wp\/v2\/product_tag?post=3148"}],"curies":[{"name":"wp","href":"https:\/\/api.w.org\/{rel}","templated":true}]}}