{"id":3147,"date":"2022-07-06T08:14:19","date_gmt":"2022-07-06T08:14:19","guid":{"rendered":"https:\/\/www.cautex.com\/producto\/pieces-diverses"},"modified":"2022-07-06T08:14:19","modified_gmt":"2022-07-06T08:14:19","slug":"pieces-diverses","status":"publish","type":"product","link":"https:\/\/dev.cautex.com\/fr\/producto\/pieces-diverses\/","title":{"rendered":"PI\u00c8CES DIVERSES"},"content":{"rendered":"<p>S\u00e9lection de pi\u00e8ces de rechange et de plusieurs accessoires, tels que couvres p\u00e9dales, vis, joints, rondelles et couvres bagages&#8230;<\/p>\n","protected":false},"excerpt":{"rendered":"<p>S\u00e9lection de pi\u00e8ces de rechange et de plusieurs accessoires, tels que couvres p\u00e9dales, vis, joints, rondelles et couvres bagages&#8230;<\/p>\n","protected":false},"featured_media":2030,"comment_status":"open","ping_status":"closed","template":"","meta":[],"product_cat":[515,521],"product_tag":[200],"_links":{"self":[{"href":"https:\/\/dev.cautex.com\/fr\/wp-json\/wp\/v2\/product\/3147"}],"collection":[{"href":"https:\/\/dev.cautex.com\/fr\/wp-json\/wp\/v2\/product"}],"about":[{"href":"https:\/\/dev.cautex.com\/fr\/wp-json\/wp\/v2\/types\/product"}],"replies":[{"embeddable":true,"href":"https:\/\/dev.cautex.com\/fr\/wp-json\/wp\/v2\/comments?post=3147"}],"wp:featuredmedia":[{"embeddable":true,"href":"https:\/\/dev.cautex.com\/fr\/wp-json\/wp\/v2\/media\/2030"}],"wp:attachment":[{"href":"https:\/\/dev.cautex.com\/fr\/wp-json\/wp\/v2\/media?parent=3147"}],"wp:term":[{"taxonomy":"product_cat","embeddable":true,"href":"https:\/\/dev.cautex.com\/fr\/wp-json\/wp\/v2\/product_cat?post=3147"},{"taxonomy":"product_tag","embeddable":true,"href":"https:\/\/dev.cautex.com\/fr\/wp-json\/wp\/v2\/product_tag?post=3147"}],"curies":[{"name":"wp","href":"https:\/\/api.w.org\/{rel}","templated":true}]}}