{"id":3146,"date":"2022-07-05T07:31:00","date_gmt":"2022-07-05T07:31:00","guid":{"rendered":"https:\/\/www.cautex.com\/producto\/pieces-diverses-de-direction"},"modified":"2022-07-05T07:31:00","modified_gmt":"2022-07-05T07:31:00","slug":"pieces-diverses-de-direction","status":"publish","type":"product","link":"https:\/\/dev.cautex.com\/fr\/producto\/pieces-diverses-de-direction\/","title":{"rendered":"PI\u00c8CES DIVERSES DE DIRECTION"},"content":{"rendered":"<p>Large assortiment d&rsquo;\u00e9l\u00e9ments compl\u00e9mentaires : colliers, support, douilles de cr\u00e9mailli\u00e8re, kits caoutchouc, traverses\u2026 tout ce dont vous avez besoin en mati\u00e8re de direction.<\/p>\n","protected":false},"excerpt":{"rendered":"<p>Large assortiment d&rsquo;\u00e9l\u00e9ments compl\u00e9mentaires : colliers, support, douilles de cr\u00e9mailli\u00e8re, kits caoutchouc, traverses\u2026 tout ce dont vous avez besoin en mati\u00e8re de direction.<\/p>\n","protected":false},"featured_media":1922,"comment_status":"open","ping_status":"closed","template":"","meta":[],"product_cat":[447,459],"product_tag":[],"_links":{"self":[{"href":"https:\/\/dev.cautex.com\/fr\/wp-json\/wp\/v2\/product\/3146"}],"collection":[{"href":"https:\/\/dev.cautex.com\/fr\/wp-json\/wp\/v2\/product"}],"about":[{"href":"https:\/\/dev.cautex.com\/fr\/wp-json\/wp\/v2\/types\/product"}],"replies":[{"embeddable":true,"href":"https:\/\/dev.cautex.com\/fr\/wp-json\/wp\/v2\/comments?post=3146"}],"wp:featuredmedia":[{"embeddable":true,"href":"https:\/\/dev.cautex.com\/fr\/wp-json\/wp\/v2\/media\/1922"}],"wp:attachment":[{"href":"https:\/\/dev.cautex.com\/fr\/wp-json\/wp\/v2\/media?parent=3146"}],"wp:term":[{"taxonomy":"product_cat","embeddable":true,"href":"https:\/\/dev.cautex.com\/fr\/wp-json\/wp\/v2\/product_cat?post=3146"},{"taxonomy":"product_tag","embeddable":true,"href":"https:\/\/dev.cautex.com\/fr\/wp-json\/wp\/v2\/product_tag?post=3146"}],"curies":[{"name":"wp","href":"https:\/\/api.w.org\/{rel}","templated":true}]}}