{"id":3145,"date":"2022-07-05T07:33:50","date_gmt":"2022-07-05T07:33:50","guid":{"rendered":"https:\/\/www.cautex.com\/producto\/pieces-diverses-de-emgrayage"},"modified":"2022-07-05T07:33:50","modified_gmt":"2022-07-05T07:33:50","slug":"pieces-diverses-de-emgrayage","status":"publish","type":"product","link":"https:\/\/dev.cautex.com\/fr\/producto\/pieces-diverses-de-emgrayage\/","title":{"rendered":"PI\u00c8CES DIVERSES DE EMGRAYAGE"},"content":{"rendered":"<p>Diverses pi\u00e8ces d&#8217;embrayage : cylindres, fourchettes, jeux de levier, bagues, tringles, et m\u00eame des kits de pi\u00e8ces de rechange de p\u00e9dale d&#8217;embrayage.<\/p>\n","protected":false},"excerpt":{"rendered":"<p>Diverses pi\u00e8ces d&#8217;embrayage : cylindres, fourchettes, jeux de levier, bagues, tringles, et m\u00eame des kits de pi\u00e8ces de rechange de p\u00e9dale d&#8217;embrayage.<\/p>\n","protected":false},"featured_media":1925,"comment_status":"open","ping_status":"closed","template":"","meta":[],"product_cat":[447,460],"product_tag":[169],"_links":{"self":[{"href":"https:\/\/dev.cautex.com\/fr\/wp-json\/wp\/v2\/product\/3145"}],"collection":[{"href":"https:\/\/dev.cautex.com\/fr\/wp-json\/wp\/v2\/product"}],"about":[{"href":"https:\/\/dev.cautex.com\/fr\/wp-json\/wp\/v2\/types\/product"}],"replies":[{"embeddable":true,"href":"https:\/\/dev.cautex.com\/fr\/wp-json\/wp\/v2\/comments?post=3145"}],"wp:featuredmedia":[{"embeddable":true,"href":"https:\/\/dev.cautex.com\/fr\/wp-json\/wp\/v2\/media\/1925"}],"wp:attachment":[{"href":"https:\/\/dev.cautex.com\/fr\/wp-json\/wp\/v2\/media?parent=3145"}],"wp:term":[{"taxonomy":"product_cat","embeddable":true,"href":"https:\/\/dev.cautex.com\/fr\/wp-json\/wp\/v2\/product_cat?post=3145"},{"taxonomy":"product_tag","embeddable":true,"href":"https:\/\/dev.cautex.com\/fr\/wp-json\/wp\/v2\/product_tag?post=3145"}],"curies":[{"name":"wp","href":"https:\/\/api.w.org\/{rel}","templated":true}]}}