{"id":3144,"date":"2022-07-05T07:28:57","date_gmt":"2022-07-05T07:28:57","guid":{"rendered":"https:\/\/www.cautex.com\/producto\/pieces-diverses-de-changement"},"modified":"2022-07-05T07:28:57","modified_gmt":"2022-07-05T07:28:57","slug":"pieces-diverses-de-changement","status":"publish","type":"product","link":"https:\/\/dev.cautex.com\/fr\/producto\/pieces-diverses-de-changement\/","title":{"rendered":"PI\u00c8CES DIVERSES DE CHANGEMENT"},"content":{"rendered":"<p>S\u00e9lection de diff\u00e9rentes pi\u00e8ces n\u00e9cessaires pour compl\u00e9ter les types d&#8217;embrayages, de vitesses, de direction, avec les composants en caoutchouc et\/ou plastique.<\/p>\n","protected":false},"excerpt":{"rendered":"<p>S\u00e9lection de diff\u00e9rentes pi\u00e8ces n\u00e9cessaires pour compl\u00e9ter les types d&#8217;embrayages, de vitesses, de direction, avec les composants en caoutchouc et\/ou plastique.<\/p>\n","protected":false},"featured_media":1919,"comment_status":"open","ping_status":"closed","template":"","meta":[],"product_cat":[447,457],"product_tag":[168],"_links":{"self":[{"href":"https:\/\/dev.cautex.com\/fr\/wp-json\/wp\/v2\/product\/3144"}],"collection":[{"href":"https:\/\/dev.cautex.com\/fr\/wp-json\/wp\/v2\/product"}],"about":[{"href":"https:\/\/dev.cautex.com\/fr\/wp-json\/wp\/v2\/types\/product"}],"replies":[{"embeddable":true,"href":"https:\/\/dev.cautex.com\/fr\/wp-json\/wp\/v2\/comments?post=3144"}],"wp:featuredmedia":[{"embeddable":true,"href":"https:\/\/dev.cautex.com\/fr\/wp-json\/wp\/v2\/media\/1919"}],"wp:attachment":[{"href":"https:\/\/dev.cautex.com\/fr\/wp-json\/wp\/v2\/media?parent=3144"}],"wp:term":[{"taxonomy":"product_cat","embeddable":true,"href":"https:\/\/dev.cautex.com\/fr\/wp-json\/wp\/v2\/product_cat?post=3144"},{"taxonomy":"product_tag","embeddable":true,"href":"https:\/\/dev.cautex.com\/fr\/wp-json\/wp\/v2\/product_tag?post=3144"}],"curies":[{"name":"wp","href":"https:\/\/api.w.org\/{rel}","templated":true}]}}