{"id":3143,"date":"2022-07-05T08:47:00","date_gmt":"2022-07-05T08:47:00","guid":{"rendered":"https:\/\/www.cautex.com\/producto\/kits-universels-et-machines"},"modified":"2022-07-05T08:47:00","modified_gmt":"2022-07-05T08:47:00","slug":"kits-universels-et-machines","status":"publish","type":"product","link":"https:\/\/dev.cautex.com\/fr\/producto\/kits-universels-et-machines\/","title":{"rendered":"KITS UNIVERSELS ET MACHINES"},"content":{"rendered":"<p>Nous disposons de kits de soufflets universels pour la r\u00e9paration de la transmission et la direction automobile, de diff\u00e9rentes tailles et formes y compris avec diff\u00e9rents c\u00f4nes de montage, des sacs de graisse et une machine pneumatique qui permettent une r\u00e9paration rapide au moyen d&rsquo;air comprim\u00e9.<\/p>\n","protected":false},"excerpt":{"rendered":"<p>Nous disposons de kits de soufflets universels pour la r\u00e9paration de la transmission et la direction automobile, de diff\u00e9rentes tailles et formes y compris avec diff\u00e9rents c\u00f4nes de montage, des sacs de graisse et une machine pneumatique qui permettent une r\u00e9paration rapide au moyen d&rsquo;air comprim\u00e9.<\/p>\n","protected":false},"featured_media":1958,"comment_status":"open","ping_status":"closed","template":"","meta":[],"product_cat":[480,483],"product_tag":[],"_links":{"self":[{"href":"https:\/\/dev.cautex.com\/fr\/wp-json\/wp\/v2\/product\/3143"}],"collection":[{"href":"https:\/\/dev.cautex.com\/fr\/wp-json\/wp\/v2\/product"}],"about":[{"href":"https:\/\/dev.cautex.com\/fr\/wp-json\/wp\/v2\/types\/product"}],"replies":[{"embeddable":true,"href":"https:\/\/dev.cautex.com\/fr\/wp-json\/wp\/v2\/comments?post=3143"}],"wp:featuredmedia":[{"embeddable":true,"href":"https:\/\/dev.cautex.com\/fr\/wp-json\/wp\/v2\/media\/1958"}],"wp:attachment":[{"href":"https:\/\/dev.cautex.com\/fr\/wp-json\/wp\/v2\/media?parent=3143"}],"wp:term":[{"taxonomy":"product_cat","embeddable":true,"href":"https:\/\/dev.cautex.com\/fr\/wp-json\/wp\/v2\/product_cat?post=3143"},{"taxonomy":"product_tag","embeddable":true,"href":"https:\/\/dev.cautex.com\/fr\/wp-json\/wp\/v2\/product_tag?post=3143"}],"curies":[{"name":"wp","href":"https:\/\/api.w.org\/{rel}","templated":true}]}}