{"id":3142,"date":"2022-07-06T08:05:44","date_gmt":"2022-07-06T08:05:44","guid":{"rendered":"https:\/\/www.cautex.com\/producto\/cables-universels-et-divers"},"modified":"2022-07-06T08:05:44","modified_gmt":"2022-07-06T08:05:44","slug":"cables-universels-et-divers","status":"publish","type":"product","link":"https:\/\/dev.cautex.com\/fr\/producto\/cables-universels-et-divers\/","title":{"rendered":"C\u00c2BLES UNIVERSELS ET DIVERS"},"content":{"rendered":"<p>Nous disposons d&rsquo;une grande vari\u00e9t\u00e9 de commandes universelles et d&rsquo;accessoires permettant de compl\u00e9ter la gamme de c\u00e2bles : supports murs, c\u00e2bles universels, c\u00e2bles d\u00e9marreur&#8230;<\/p>\n","protected":false},"excerpt":{"rendered":"<p>Nous disposons d&rsquo;une grande vari\u00e9t\u00e9 de commandes universelles et d&rsquo;accessoires permettant de compl\u00e9ter la gamme de c\u00e2bles : supports murs, c\u00e2bles universels, c\u00e2bles d\u00e9marreur&#8230;<\/p>\n","protected":false},"featured_media":2015,"comment_status":"open","ping_status":"closed","template":"","meta":[],"product_cat":[437,446],"product_tag":[195],"_links":{"self":[{"href":"https:\/\/dev.cautex.com\/fr\/wp-json\/wp\/v2\/product\/3142"}],"collection":[{"href":"https:\/\/dev.cautex.com\/fr\/wp-json\/wp\/v2\/product"}],"about":[{"href":"https:\/\/dev.cautex.com\/fr\/wp-json\/wp\/v2\/types\/product"}],"replies":[{"embeddable":true,"href":"https:\/\/dev.cautex.com\/fr\/wp-json\/wp\/v2\/comments?post=3142"}],"wp:featuredmedia":[{"embeddable":true,"href":"https:\/\/dev.cautex.com\/fr\/wp-json\/wp\/v2\/media\/2015"}],"wp:attachment":[{"href":"https:\/\/dev.cautex.com\/fr\/wp-json\/wp\/v2\/media?parent=3142"}],"wp:term":[{"taxonomy":"product_cat","embeddable":true,"href":"https:\/\/dev.cautex.com\/fr\/wp-json\/wp\/v2\/product_cat?post=3142"},{"taxonomy":"product_tag","embeddable":true,"href":"https:\/\/dev.cautex.com\/fr\/wp-json\/wp\/v2\/product_tag?post=3142"}],"curies":[{"name":"wp","href":"https:\/\/api.w.org\/{rel}","templated":true}]}}