{"id":3141,"date":"2022-07-01T10:40:45","date_gmt":"2022-07-01T10:40:45","guid":{"rendered":"https:\/\/www.cautex.com\/producto\/durites-turbo"},"modified":"2022-07-01T10:40:45","modified_gmt":"2022-07-01T10:40:45","slug":"durites-turbo","status":"publish","type":"product","link":"https:\/\/dev.cautex.com\/fr\/producto\/durites-turbo\/","title":{"rendered":"DURITES TURBO"},"content":{"rendered":"<p>Tout un choix de durites turbo, qui gr\u00e2ce au savoir-faire de la soci\u00e9t\u00e9, permet d&rsquo;utiliser un caoutchouc de type AEM comme couche externe et de type FKM comme couche interne avec une renforcement de fibres de polyester, qui est celui-l\u00e0 m\u00eame utilis\u00e9 par les fabricants pour la production des tuyaux originaux.<\/p>\n","protected":false},"excerpt":{"rendered":"<p>Tout un choix de durites turbo, qui gr\u00e2ce au savoir-faire de la soci\u00e9t\u00e9, permet d&rsquo;utiliser un caoutchouc de type AEM comme couche externe et de type FKM comme couche interne avec une renforcement de fibres de polyester, qui est celui-l\u00e0 m\u00eame utilis\u00e9 par les fabricants pour la production des tuyaux originaux.<\/p>\n","protected":false},"featured_media":1868,"comment_status":"open","ping_status":"closed","template":"","meta":[],"product_cat":[511,503],"product_tag":[152],"_links":{"self":[{"href":"https:\/\/dev.cautex.com\/fr\/wp-json\/wp\/v2\/product\/3141"}],"collection":[{"href":"https:\/\/dev.cautex.com\/fr\/wp-json\/wp\/v2\/product"}],"about":[{"href":"https:\/\/dev.cautex.com\/fr\/wp-json\/wp\/v2\/types\/product"}],"replies":[{"embeddable":true,"href":"https:\/\/dev.cautex.com\/fr\/wp-json\/wp\/v2\/comments?post=3141"}],"wp:featuredmedia":[{"embeddable":true,"href":"https:\/\/dev.cautex.com\/fr\/wp-json\/wp\/v2\/media\/1868"}],"wp:attachment":[{"href":"https:\/\/dev.cautex.com\/fr\/wp-json\/wp\/v2\/media?parent=3141"}],"wp:term":[{"taxonomy":"product_cat","embeddable":true,"href":"https:\/\/dev.cautex.com\/fr\/wp-json\/wp\/v2\/product_cat?post=3141"},{"taxonomy":"product_tag","embeddable":true,"href":"https:\/\/dev.cautex.com\/fr\/wp-json\/wp\/v2\/product_tag?post=3141"}],"curies":[{"name":"wp","href":"https:\/\/api.w.org\/{rel}","templated":true}]}}