{"id":3139,"date":"2022-07-04T11:00:32","date_gmt":"2022-07-04T11:00:32","guid":{"rendered":"https:\/\/www.cautex.com\/producto\/croisillons-a-trois-projections"},"modified":"2022-07-04T11:00:32","modified_gmt":"2022-07-04T11:00:32","slug":"croisillons-a-trois-projections","status":"publish","type":"product","link":"https:\/\/dev.cautex.com\/fr\/producto\/croisillons-a-trois-projections\/","title":{"rendered":"CROISILLONS \u00c0 TROIS PROJECTIONS"},"content":{"rendered":"<p>Le croisillon \u00e0 trois projections de l&rsquo;arbre de transmission est un \u00e9l\u00e9ment complexe, qui uni au palier de transmission a pour fonction de connecter deux axes discontinus en position longitudinale de fa\u00e7on \u00e0 ce que la vitesse de rotation entre eux soit identique \u00e0 tout moment.<\/p>\n","protected":false},"excerpt":{"rendered":"<p>Le croisillon \u00e0 trois projections de l&rsquo;arbre de transmission est un \u00e9l\u00e9ment complexe, qui uni au palier de transmission a pour fonction de connecter deux axes discontinus en position longitudinale de fa\u00e7on \u00e0 ce que la vitesse de rotation entre eux soit identique \u00e0 tout moment.<\/p>\n","protected":false},"featured_media":1904,"comment_status":"open","ping_status":"closed","template":"","meta":[],"product_cat":[447,452],"product_tag":[163],"_links":{"self":[{"href":"https:\/\/dev.cautex.com\/fr\/wp-json\/wp\/v2\/product\/3139"}],"collection":[{"href":"https:\/\/dev.cautex.com\/fr\/wp-json\/wp\/v2\/product"}],"about":[{"href":"https:\/\/dev.cautex.com\/fr\/wp-json\/wp\/v2\/types\/product"}],"replies":[{"embeddable":true,"href":"https:\/\/dev.cautex.com\/fr\/wp-json\/wp\/v2\/comments?post=3139"}],"wp:featuredmedia":[{"embeddable":true,"href":"https:\/\/dev.cautex.com\/fr\/wp-json\/wp\/v2\/media\/1904"}],"wp:attachment":[{"href":"https:\/\/dev.cautex.com\/fr\/wp-json\/wp\/v2\/media?parent=3139"}],"wp:term":[{"taxonomy":"product_cat","embeddable":true,"href":"https:\/\/dev.cautex.com\/fr\/wp-json\/wp\/v2\/product_cat?post=3139"},{"taxonomy":"product_tag","embeddable":true,"href":"https:\/\/dev.cautex.com\/fr\/wp-json\/wp\/v2\/product_tag?post=3139"}],"curies":[{"name":"wp","href":"https:\/\/api.w.org\/{rel}","templated":true}]}}