{"id":3138,"date":"2022-07-06T08:18:53","date_gmt":"2022-07-06T08:18:53","guid":{"rendered":"https:\/\/www.cautex.com\/producto\/filtres-transmission"},"modified":"2022-07-06T08:18:53","modified_gmt":"2022-07-06T08:18:53","slug":"filtres-transmission","status":"publish","type":"product","link":"https:\/\/dev.cautex.com\/fr\/producto\/filtres-transmission\/","title":{"rendered":"FILTRES TRANSMISSION"},"content":{"rendered":"<p>Le filtre de transmission est plac\u00e9 sur le bac de transmission, qui neutralise tout exc\u00e8s de fluide et sous un tube de collecte en connectant \u00e0 la pompe \u00e0 huile, qui r\u00e9gule la pression du fluide \u00e0 l&rsquo;int\u00e9rieur de la transmission.<\/p>\n","protected":false},"excerpt":{"rendered":"<p>Le filtre de transmission est plac\u00e9 sur le bac de transmission, qui neutralise tout exc\u00e8s de fluide et sous un tube de collecte en connectant \u00e0 la pompe \u00e0 huile, qui r\u00e9gule la pression du fluide \u00e0 l&rsquo;int\u00e9rieur de la transmission.<\/p>\n","protected":false},"featured_media":2039,"comment_status":"open","ping_status":"closed","template":"","meta":[],"product_cat":[515,518],"product_tag":[203],"_links":{"self":[{"href":"https:\/\/dev.cautex.com\/fr\/wp-json\/wp\/v2\/product\/3138"}],"collection":[{"href":"https:\/\/dev.cautex.com\/fr\/wp-json\/wp\/v2\/product"}],"about":[{"href":"https:\/\/dev.cautex.com\/fr\/wp-json\/wp\/v2\/types\/product"}],"replies":[{"embeddable":true,"href":"https:\/\/dev.cautex.com\/fr\/wp-json\/wp\/v2\/comments?post=3138"}],"wp:featuredmedia":[{"embeddable":true,"href":"https:\/\/dev.cautex.com\/fr\/wp-json\/wp\/v2\/media\/2039"}],"wp:attachment":[{"href":"https:\/\/dev.cautex.com\/fr\/wp-json\/wp\/v2\/media?parent=3138"}],"wp:term":[{"taxonomy":"product_cat","embeddable":true,"href":"https:\/\/dev.cautex.com\/fr\/wp-json\/wp\/v2\/product_cat?post=3138"},{"taxonomy":"product_tag","embeddable":true,"href":"https:\/\/dev.cautex.com\/fr\/wp-json\/wp\/v2\/product_tag?post=3138"}],"curies":[{"name":"wp","href":"https:\/\/api.w.org\/{rel}","templated":true}]}}