{"id":3137,"date":"2022-07-06T08:08:40","date_gmt":"2022-07-06T08:08:40","guid":{"rendered":"https:\/\/www.cautex.com\/producto\/cable-de-laccelerateur"},"modified":"2022-07-06T08:08:40","modified_gmt":"2022-07-06T08:08:40","slug":"cable-de-laccelerateur","status":"publish","type":"product","link":"https:\/\/dev.cautex.com\/fr\/producto\/cable-de-laccelerateur\/","title":{"rendered":"C\u00c2BLE DE L&rsquo;ACC\u00c9L\u00c9RATEUR"},"content":{"rendered":"<p>Lorsque la p\u00e9dale d&#8217;embrayage op\u00e8re, elle contr\u00f4le l&rsquo;ouverture du carburateur ou des vannes des pompes d&rsquo;injection, ce qui permet au moteur d&rsquo;acc\u00e9l\u00e9rer. Chaque v\u00e9hicule a besoin d&rsquo;un c\u00e2ble d&rsquo;acc\u00e9l\u00e9rateur sp\u00e9cifique, bien qu&rsquo;il existe des kits de c\u00e2bles d&rsquo;acc\u00e9l\u00e9rateur, lesquels incorporent plusieurs composants non mont\u00e9s permettant leur adaptation \u00e0 plusieurs v\u00e9hicules.<\/p>\n","protected":false},"excerpt":{"rendered":"<p>Lorsque la p\u00e9dale d&#8217;embrayage op\u00e8re, elle contr\u00f4le l&rsquo;ouverture du carburateur ou des vannes des pompes d&rsquo;injection, ce qui permet au moteur d&rsquo;acc\u00e9l\u00e9rer. Chaque v\u00e9hicule a besoin d&rsquo;un c\u00e2ble d&rsquo;acc\u00e9l\u00e9rateur sp\u00e9cifique, bien qu&rsquo;il existe des kits de c\u00e2bles d&rsquo;acc\u00e9l\u00e9rateur, lesquels incorporent plusieurs composants non mont\u00e9s permettant leur adaptation \u00e0 plusieurs v\u00e9hicules.<\/p>\n","protected":false},"featured_media":2021,"comment_status":"open","ping_status":"closed","template":"","meta":[],"product_cat":[437,438],"product_tag":[197],"_links":{"self":[{"href":"https:\/\/dev.cautex.com\/fr\/wp-json\/wp\/v2\/product\/3137"}],"collection":[{"href":"https:\/\/dev.cautex.com\/fr\/wp-json\/wp\/v2\/product"}],"about":[{"href":"https:\/\/dev.cautex.com\/fr\/wp-json\/wp\/v2\/types\/product"}],"replies":[{"embeddable":true,"href":"https:\/\/dev.cautex.com\/fr\/wp-json\/wp\/v2\/comments?post=3137"}],"wp:featuredmedia":[{"embeddable":true,"href":"https:\/\/dev.cautex.com\/fr\/wp-json\/wp\/v2\/media\/2021"}],"wp:attachment":[{"href":"https:\/\/dev.cautex.com\/fr\/wp-json\/wp\/v2\/media?parent=3137"}],"wp:term":[{"taxonomy":"product_cat","embeddable":true,"href":"https:\/\/dev.cautex.com\/fr\/wp-json\/wp\/v2\/product_cat?post=3137"},{"taxonomy":"product_tag","embeddable":true,"href":"https:\/\/dev.cautex.com\/fr\/wp-json\/wp\/v2\/product_tag?post=3137"}],"curies":[{"name":"wp","href":"https:\/\/api.w.org\/{rel}","templated":true}]}}