{"id":3136,"date":"2022-07-12T07:38:17","date_gmt":"2022-07-12T07:38:17","guid":{"rendered":"https:\/\/www.cautex.com\/producto\/capteur-de-temperature"},"modified":"2022-07-12T07:38:17","modified_gmt":"2022-07-12T07:38:17","slug":"capteur-de-temperature","status":"publish","type":"product","link":"https:\/\/dev.cautex.com\/fr\/producto\/capteur-de-temperature\/","title":{"rendered":"CAPTEUR DE TEMP\u00c9RATURE"},"content":{"rendered":"<p>Les capteurs de temp\u00e9rature du v\u00e9hicule sont des composants qui jouent un r\u00f4le tr\u00e8s important pour le contr\u00f4le d&rsquo;\u00e9mission de polluants et de la consommation de carburant. Leur lecture, associ\u00e9e celle de l&rsquo;ensemble des autres capteurs, permet \u00e0 l&rsquo;unit\u00e9 de commande de param\u00e9trer les conditions du syst\u00e8me d&rsquo;injection.<\/p>\n","protected":false},"excerpt":{"rendered":"<p>Les capteurs de temp\u00e9rature du v\u00e9hicule sont des composants qui jouent un r\u00f4le tr\u00e8s important pour le contr\u00f4le d&rsquo;\u00e9mission de polluants et de la consommation de carburant. Leur lecture, associ\u00e9e celle de l&rsquo;ensemble des autres capteurs, permet \u00e0 l&rsquo;unit\u00e9 de commande de param\u00e9trer les conditions du syst\u00e8me d&rsquo;injection.<\/p>\n","protected":false},"featured_media":2982,"comment_status":"open","ping_status":"closed","template":"","meta":[],"product_cat":[490,501],"product_tag":[],"_links":{"self":[{"href":"https:\/\/dev.cautex.com\/fr\/wp-json\/wp\/v2\/product\/3136"}],"collection":[{"href":"https:\/\/dev.cautex.com\/fr\/wp-json\/wp\/v2\/product"}],"about":[{"href":"https:\/\/dev.cautex.com\/fr\/wp-json\/wp\/v2\/types\/product"}],"replies":[{"embeddable":true,"href":"https:\/\/dev.cautex.com\/fr\/wp-json\/wp\/v2\/comments?post=3136"}],"wp:featuredmedia":[{"embeddable":true,"href":"https:\/\/dev.cautex.com\/fr\/wp-json\/wp\/v2\/media\/2982"}],"wp:attachment":[{"href":"https:\/\/dev.cautex.com\/fr\/wp-json\/wp\/v2\/media?parent=3136"}],"wp:term":[{"taxonomy":"product_cat","embeddable":true,"href":"https:\/\/dev.cautex.com\/fr\/wp-json\/wp\/v2\/product_cat?post=3136"},{"taxonomy":"product_tag","embeddable":true,"href":"https:\/\/dev.cautex.com\/fr\/wp-json\/wp\/v2\/product_tag?post=3136"}],"curies":[{"name":"wp","href":"https:\/\/api.w.org\/{rel}","templated":true}]}}